{"id":384,"date":"2020-03-16T14:50:18","date_gmt":"2020-03-16T14:50:18","guid":{"rendered":"http:\/\/www.hwfinishing.nl\/?page_id=384"},"modified":"2020-04-15T15:09:28","modified_gmt":"2020-04-15T13:09:28","slug":"disclaimer","status":"publish","type":"page","link":"https:\/\/www.hwfinishing.nl\/fr\/disclaimer\/","title":{"rendered":"Disclaimer-fr"},"content":{"rendered":"\n<h3 class=\"wp-block-heading\">Conditions d&#8217;utilisation<\/h3>\n\n\n\n<p>Les conditions suivantes s&#8217;appliquent au site Web de H&amp;W Finishing. En poursuivant votre recherche sur notre site, vous acceptez nos conditions.<\/p>\n\n\n\n<h3 class=\"wp-block-heading\">Responsabilit\u00e9s<\/h3>\n\n\n\n<p>Le pr\u00e9sent site web contient des informations publi\u00e9es par H&amp;W Finishing. Malgr\u00e9 toute l&#8217;attention et les soins apport\u00e9s \u00e0 la collecte et \u00e0 la publication des donn\u00e9es, nos informations peuvent se r\u00e9v\u00e9ler inexactes ou incompl\u00e8tes. H&amp;W Finishing ne peut donc en aucun cas, \u00eatre tenu responsable de dommages d\u00e9coulant, de mani\u00e8re directe, de donn\u00e9es pr\u00e9sent\u00e9es sur le pr\u00e9sent site. H&amp;W Finishing se r\u00e9serve le droit de modifier toute information du pr\u00e9sent site, et ce sans pr\u00e9avis.<\/p>\n\n\n\n<h3 class=\"wp-block-heading\">L&#8217;emploi que nous faisons des e-mails<\/h3>\n\n\n\n<p>H&amp;W Finishing traitera l&#8217;ensemble des e-mails en toute confidentialit\u00e9. Maintenant, il ne peut totalement \u00eatre exclu que des tiers puissent \u00eatre amen\u00e9s \u00e0 prendre connaissance de nos \u00e9changes d&#8217;e-mails. M\u00eame dans un tel cas, la responsabilit\u00e9 de H&amp;W Finishing ne saurait \u00eatre engag\u00e9e. Les donn\u00e9es personnelles telles que noms, adresses et num\u00e9ros de t\u00e9l\u00e9phone, ne sont utilis\u00e9es que pour les \u00e9changes d&#8217;e-mails par H&amp;W Finishing, et ne le seront qu&#8217;\u00e0 ces fins.<\/p>\n\n\n\n<h3 class=\"wp-block-heading\">Clause de confidentialit\u00e9<\/h3>\n\n\n\n<p>Chez H&amp;W Finishing nous respectons la vie priv\u00e9e des visiteurs de notre site web et mettons tout en \u0153uvre pour toujours traiter en toute confidentialit\u00e9 les donn\u00e9es personnelles qui nous sont communiqu\u00e9es, dans le respect de la l\u00e9gislation n\u00e9erlandaise (Nederlandse Wet Bescherming Persoonsgegevens). Les d\u00e9tails, communiqu\u00e9s par les visiteurs seront utilis\u00e9s pour r\u00e9pondre \u00e0 leurs questions \u00e0 nos services. Les donn\u00e9es personnelles que vous nous communiquerez ne serviront que l&#8217;objectif recherch\u00e9. H&amp;W Finishing enregistre, de diverses mani\u00e8res, les donn\u00e9es des visiteurs de passage sur son site web et ce, \u00e0 des fins statistiques destin\u00e9es \u00e0 am\u00e9liorer les futurs services H&amp;W Finishing. Ces statistiques ne contiennent aucune donn\u00e9es personnelles.<\/p>\n\n\n\n<h3 class=\"wp-block-heading\">Liens vers d&#8217;autre sites web<\/h3>\n\n\n\n<p>Le pr\u00e9sent site web peut comporter des liens vers un ou plusieurs sites web de tiers autres que H&amp;W Finishing. De tels liens n&#8217;ont d&#8217;autre fonction que d&#8217;offrir un meilleur service au client. H&amp;W Finishing n&#8217;a aucune autorit\u00e9 sur ces sites web et, de fait, ne saurait, en aucun cas, \u00eatre tenu pour responsable de leurs contenus.<\/p>\n\n\n\n<h3 class=\"wp-block-heading\">Droits d&#8217;auteur<\/h3>\n\n\n\n<p>H&amp;W Finishing se r\u00e9serve express\u00e9ment tout droit d&#8217;auteur, droit de marque et \/ ou autre droit de propri\u00e9t\u00e9 intellectuelle pour toutes les information communiqu\u00e9es sur le pr\u00e9sent site web &#8211; marques commerciales, logos et photographies incluses. La diffusion ou la copie de ces informations \u00e0 d&#8217;autres tiers pour un usage &#8211; non-commercial &#8211; autre que personnel est interdit sans autorisation \u00e9crite de H&amp;W Finishing.<\/p>\n","protected":false},"excerpt":{"rendered":"<p>Conditions d&#8217;utilisation Les conditions suivantes s&#8217;appliquent au site Web de H&amp;W Finishing. En poursuivant votre recherche sur notre site, vous acceptez nos conditions. Responsabilit\u00e9s Le pr\u00e9sent site web contient des informations publi\u00e9es par H&amp;W Finishing. Malgr\u00e9 toute l&#8217;attention et les soins apport\u00e9s \u00e0 la collecte et \u00e0 la publication des donn\u00e9es, nos informations peuvent se&hellip;<\/p>\n","protected":false},"author":5,"featured_media":0,"parent":0,"menu_order":0,"comment_status":"closed","ping_status":"closed","template":"","meta":{"_coblocks_attr":"","_coblocks_dimensions":"","_coblocks_responsive_height":"","_coblocks_accordion_ie_support":"","_uag_custom_page_level_css":"","footnotes":""},"class_list":["post-384","page","type-page","status-publish","hentry"],"translation":{"provider":"WPGlobus","version":"3.0.2","language":"fr","enabled_languages":["nl","fr"],"languages":{"nl":{"title":true,"content":true,"excerpt":false},"fr":{"title":true,"content":true,"excerpt":false}}},"yoast_head":"<!-- This site is optimized with the Yoast SEO plugin v27.5 - https:\/\/yoast.com\/product\/yoast-seo-wordpress\/ -->\n<title>Disclaimer-fr - HW Finishing<\/title>\n<meta name=\"robots\" content=\"index, follow, max-snippet:-1, max-image-preview:large, max-video-preview:-1\" \/>\n<link rel=\"canonical\" href=\"https:\/\/www.hwfinishing.nl\/disclaimer\/\" \/>\n<meta property=\"og:locale\" content=\"fr_FR\" \/>\n<meta property=\"og:type\" content=\"article\" \/>\n<meta property=\"og:title\" content=\"Disclaimer-fr - HW Finishing\" \/>\n<meta property=\"og:url\" content=\"https:\/\/www.hwfinishing.nl\/disclaimer\/\" \/>\n<meta property=\"og:site_name\" content=\"HW Finishing\" \/>\n<meta property=\"article:modified_time\" content=\"2020-04-15T13:09:28+00:00\" \/>\n<meta name=\"twitter:card\" content=\"summary_large_image\" \/>\n<meta name=\"twitter:site\" content=\"@nocurenopaysale\" \/>\n<meta name=\"twitter:label1\" content=\"Est. reading time\" \/>\n\t<meta name=\"twitter:data1\" content=\"4 minutes\" \/>\n<script type=\"application\/ld+json\" class=\"yoast-schema-graph\">{\"@context\":\"https:\\\/\\\/schema.org\",\"@graph\":[{\"@type\":\"WebPage\",\"@id\":\"https:\\\/\\\/www.hwfinishing.nl\\\/disclaimer\\\/\",\"url\":\"https:\\\/\\\/www.hwfinishing.nl\\\/disclaimer\\\/\",\"name\":\"Disclaimer-fr - HW Finishing\",\"isPartOf\":{\"@id\":\"https:\\\/\\\/www.hwfinishing.nl\\\/#website\"},\"datePublished\":\"2020-03-16T14:50:18+00:00\",\"dateModified\":\"2020-04-15T13:09:28+00:00\",\"breadcrumb\":{\"@id\":\"https:\\\/\\\/www.hwfinishing.nl\\\/disclaimer\\\/#breadcrumb\"},\"inLanguage\":\"fr-FR\",\"potentialAction\":[{\"@type\":\"ReadAction\",\"target\":[\"https:\\\/\\\/www.hwfinishing.nl\\\/disclaimer\\\/\"]}]},{\"@type\":\"BreadcrumbList\",\"@id\":\"https:\\\/\\\/www.hwfinishing.nl\\\/disclaimer\\\/#breadcrumb\",\"itemListElement\":[{\"@type\":\"ListItem\",\"position\":1,\"name\":\"Home\",\"item\":\"https:\\\/\\\/www.hwfinishing.nl\\\/\"},{\"@type\":\"ListItem\",\"position\":2,\"name\":\"Disclaimer\"}]},{\"@type\":\"WebSite\",\"@id\":\"https:\\\/\\\/www.hwfinishing.nl\\\/#website\",\"url\":\"https:\\\/\\\/www.hwfinishing.nl\\\/\",\"name\":\"{:nl}HW Finishing{:}{:fr}HW Finishing{:}\",\"description\":\"Sp\u00e9cialiste en finition du parquet\",\"publisher\":{\"@id\":\"https:\\\/\\\/www.hwfinishing.nl\\\/#organization\"},\"potentialAction\":[{\"@type\":\"SearchAction\",\"target\":{\"@type\":\"EntryPoint\",\"urlTemplate\":\"https:\\\/\\\/www.hwfinishing.nl\\\/?s={search_term_string}\"},\"query-input\":{\"@type\":\"PropertyValueSpecification\",\"valueRequired\":true,\"valueName\":\"search_term_string\"}}],\"inLanguage\":\"fr-FR\"},{\"@type\":\"Organization\",\"@id\":\"https:\\\/\\\/www.hwfinishing.nl\\\/#organization\",\"name\":\"H&W Finishing\",\"url\":\"https:\\\/\\\/www.hwfinishing.nl\\\/\",\"logo\":{\"@type\":\"ImageObject\",\"inLanguage\":\"fr-FR\",\"@id\":\"https:\\\/\\\/www.hwfinishing.nl\\\/#\\\/schema\\\/logo\\\/image\\\/\",\"url\":\"https:\\\/\\\/www.hwfinishing.nl\\\/wp-content\\\/uploads\\\/2020\\\/02\\\/logo_hw.png\",\"contentUrl\":\"https:\\\/\\\/www.hwfinishing.nl\\\/wp-content\\\/uploads\\\/2020\\\/02\\\/logo_hw.png\",\"width\":568,\"height\":130,\"caption\":\"H&W Finishing\"},\"image\":{\"@id\":\"https:\\\/\\\/www.hwfinishing.nl\\\/#\\\/schema\\\/logo\\\/image\\\/\"},\"sameAs\":[\"https:\\\/\\\/x.com\\\/nocurenopaysale\"]}]}<\/script>\n<!-- \/ Yoast SEO plugin. -->","yoast_head_json":{"title":"Disclaimer-fr - HW Finishing","robots":{"index":"index","follow":"follow","max-snippet":"max-snippet:-1","max-image-preview":"max-image-preview:large","max-video-preview":"max-video-preview:-1"},"canonical":"https:\/\/www.hwfinishing.nl\/disclaimer\/","og_locale":"fr_FR","og_type":"article","og_title":"Disclaimer-fr - HW Finishing","og_url":"https:\/\/www.hwfinishing.nl\/disclaimer\/","og_site_name":"HW Finishing","article_modified_time":"2020-04-15T13:09:28+00:00","twitter_card":"summary_large_image","twitter_site":"@nocurenopaysale","twitter_misc":{"Est. reading time":"4 minutes"},"schema":{"@context":"https:\/\/schema.org","@graph":[{"@type":"WebPage","@id":"https:\/\/www.hwfinishing.nl\/disclaimer\/","url":"https:\/\/www.hwfinishing.nl\/disclaimer\/","name":"Disclaimer-fr - HW Finishing","isPartOf":{"@id":"https:\/\/www.hwfinishing.nl\/#website"},"datePublished":"2020-03-16T14:50:18+00:00","dateModified":"2020-04-15T13:09:28+00:00","breadcrumb":{"@id":"https:\/\/www.hwfinishing.nl\/disclaimer\/#breadcrumb"},"inLanguage":"fr-FR","potentialAction":[{"@type":"ReadAction","target":["https:\/\/www.hwfinishing.nl\/disclaimer\/"]}]},{"@type":"BreadcrumbList","@id":"https:\/\/www.hwfinishing.nl\/disclaimer\/#breadcrumb","itemListElement":[{"@type":"ListItem","position":1,"name":"Home","item":"https:\/\/www.hwfinishing.nl\/"},{"@type":"ListItem","position":2,"name":"Disclaimer"}]},{"@type":"WebSite","@id":"https:\/\/www.hwfinishing.nl\/#website","url":"https:\/\/www.hwfinishing.nl\/","name":"{:nl}HW Finishing{:}{:fr}HW Finishing{:}","description":"Sp\u00e9cialiste en finition du parquet","publisher":{"@id":"https:\/\/www.hwfinishing.nl\/#organization"},"potentialAction":[{"@type":"SearchAction","target":{"@type":"EntryPoint","urlTemplate":"https:\/\/www.hwfinishing.nl\/?s={search_term_string}"},"query-input":{"@type":"PropertyValueSpecification","valueRequired":true,"valueName":"search_term_string"}}],"inLanguage":"fr-FR"},{"@type":"Organization","@id":"https:\/\/www.hwfinishing.nl\/#organization","name":"H&W Finishing","url":"https:\/\/www.hwfinishing.nl\/","logo":{"@type":"ImageObject","inLanguage":"fr-FR","@id":"https:\/\/www.hwfinishing.nl\/#\/schema\/logo\/image\/","url":"https:\/\/www.hwfinishing.nl\/wp-content\/uploads\/2020\/02\/logo_hw.png","contentUrl":"https:\/\/www.hwfinishing.nl\/wp-content\/uploads\/2020\/02\/logo_hw.png","width":568,"height":130,"caption":"H&W Finishing"},"image":{"@id":"https:\/\/www.hwfinishing.nl\/#\/schema\/logo\/image\/"},"sameAs":["https:\/\/x.com\/nocurenopaysale"]}]}},"uagb_featured_image_src":{"full":false,"thumbnail":false,"medium":false,"medium_large":false,"large":false,"1536x1536":false,"2048x2048":false,"sow-carousel-default":false},"uagb_author_info":{"display_name":"Ludo van Loon","author_link":"https:\/\/www.hwfinishing.nl\/fr\/author\/ludo\/"},"uagb_comment_info":0,"uagb_excerpt":"Conditions d&#8217;utilisation Les conditions suivantes s&#8217;appliquent au site Web de H&amp;W Finishing. En poursuivant votre recherche sur notre site, vous acceptez nos conditions. Responsabilit\u00e9s Le pr\u00e9sent site web contient des informations publi\u00e9es par H&amp;W Finishing. Malgr\u00e9 toute l&#8217;attention et les soins apport\u00e9s \u00e0 la collecte et \u00e0 la publication des donn\u00e9es, nos informations peuvent se&hellip;","_links":{"self":[{"href":"https:\/\/www.hwfinishing.nl\/fr\/wp-json\/wp\/v2\/pages\/384","targetHints":{"allow":["GET"]}}],"collection":[{"href":"https:\/\/www.hwfinishing.nl\/fr\/wp-json\/wp\/v2\/pages"}],"about":[{"href":"https:\/\/www.hwfinishing.nl\/fr\/wp-json\/wp\/v2\/types\/page"}],"author":[{"embeddable":true,"href":"https:\/\/www.hwfinishing.nl\/fr\/wp-json\/wp\/v2\/users\/5"}],"replies":[{"embeddable":true,"href":"https:\/\/www.hwfinishing.nl\/fr\/wp-json\/wp\/v2\/comments?post=384"}],"version-history":[{"count":5,"href":"https:\/\/www.hwfinishing.nl\/fr\/wp-json\/wp\/v2\/pages\/384\/revisions"}],"predecessor-version":[{"id":1790,"href":"https:\/\/www.hwfinishing.nl\/fr\/wp-json\/wp\/v2\/pages\/384\/revisions\/1790"}],"wp:attachment":[{"href":"https:\/\/www.hwfinishing.nl\/fr\/wp-json\/wp\/v2\/media?parent=384"}],"curies":[{"name":"wp","href":"https:\/\/api.w.org\/{rel}","templated":true}]}}