{"id":344,"date":"2020-02-26T13:19:05","date_gmt":"2020-02-26T13:19:05","guid":{"rendered":"http:\/\/hana7.1234websites.nl\/?page_id=344"},"modified":"2022-11-15T10:02:00","modified_gmt":"2022-11-15T08:02:00","slug":"referenties-van-projecten","status":"publish","type":"page","link":"https:\/\/www.hwfinishing.nl\/fr\/referenties-van-projecten\/","title":{"rendered":"R\u00e9f\u00e9rences"},"content":{"rendered":"\n<p>Ch\u00eane Canyon 15 x 260 mm huile Toendra<\/p>\n\n\n\n<figure class=\"wp-block-image size-full\"><img loading=\"lazy\" decoding=\"async\" width=\"525\" height=\"700\" src=\"https:\/\/www.hwfinishing.nl\/wp-content\/uploads\/2022\/11\/Oak-Canyon-260mm-oil-Toendra-1.png\" alt=\"\" class=\"wp-image-2144\"\/><figcaption class=\"wp-element-caption\">Ch\u00eane Canyon 15 x 260 mm huile Toendra &#8211; novembre 2022.<\/figcaption><\/figure>\n\n\n\n<hr class=\"wp-block-separator has-alpha-channel-opacity\"\/>\n\n\n\n<p>Ch\u00eane b\u00e2ton rompu 15x170x900mm rustique bross\u00e9 et vernis mat Real.<\/p>\n\n\n\n<figure class=\"wp-block-image size-large\"><img loading=\"lazy\" decoding=\"async\" width=\"525\" height=\"700\" src=\"https:\/\/www.hwfinishing.nl\/wp-content\/uploads\/2021\/06\/Oak-DP-15x170x900mm-herringbone-Ru-brushed-mat-lak-Real-1.jpg\" alt=\"\" class=\"wp-image-2067\"\/><figcaption class=\"wp-element-caption\">Ch\u00eane b\u00e2ton rompu 15x170x900mm rustique bross\u00e9 et verni mat Real &#8211; f\u00e9vrier 2021<\/figcaption><\/figure>\n\n\n\n<hr class=\"wp-block-separator has-css-opacity\"\/>\n\n\n\n<p>Un parquet point de Hongrie dans une maison neuve. En grand format : 170 x 900 mm, il s&#8217;accordait parfaitement aux lieux.<br><br>Nous avons r\u00e9alis\u00e9 ses finitions \u00e0 l&#8217;huile Toendra \/ Toundra<\/p>\n\n\n\n<figure class=\"wp-block-image size-large\"><img loading=\"lazy\" decoding=\"async\" width=\"525\" height=\"700\" src=\"https:\/\/www.hwfinishing.nl\/wp-content\/uploads\/2020\/03\/Oak-herringbone-oil-Toendra-1.jpg\" alt=\"\" class=\"wp-image-502\"\/><figcaption class=\"wp-element-caption\">Parquet ch\u00eane point de Hongrie. Huile Toendra \/ Toundra &#8211; janvier 2020<\/figcaption><\/figure>\n\n\n\n<hr class=\"wp-block-separator has-css-opacity\"\/>\n\n\n\n<p>Un ancien entrep\u00f4t \u00e0 Bergen op Zoom enti\u00e8rement r\u00e9nov\u00e9. Les nouveaux habitants ont opt\u00e9 pour un parquet de belle allure et \u00e0 l&#8217;aspect brut.<br><br>Nous avons r\u00e9alis\u00e9 ses finitions \u00e0 l&#8217;huile noire.<\/p>\n\n\n\n<figure class=\"wp-block-image size-large\"><img loading=\"lazy\" decoding=\"async\" width=\"768\" height=\"1024\" src=\"https:\/\/www.hwfinishing.nl\/wp-content\/uploads\/2020\/03\/Eiken-260mm-olie-zwart.jpg\" alt=\"\" class=\"wp-image-494\"\/><figcaption class=\"wp-element-caption\">Ch\u00eane Canyon huile noir &#8211;  juin 2019<\/figcaption><\/figure>\n","protected":false},"excerpt":{"rendered":"<p>Ch\u00eane Canyon 15 x 260 mm huile Toendra Ch\u00eane b\u00e2ton rompu 15x170x900mm rustique bross\u00e9 et vernis mat Real. Un parquet point de Hongrie dans une maison neuve. En grand format : 170 x 900 mm, il s&#8217;accordait parfaitement aux lieux. Nous avons r\u00e9alis\u00e9 ses finitions \u00e0 l&#8217;huile Toendra \/ Toundra Un ancien entrep\u00f4t \u00e0 Bergen&hellip;<\/p>\n","protected":false},"author":1,"featured_media":0,"parent":0,"menu_order":0,"comment_status":"closed","ping_status":"closed","template":"","meta":{"_coblocks_attr":"","_coblocks_dimensions":"","_coblocks_responsive_height":"","_coblocks_accordion_ie_support":"","_uag_custom_page_level_css":"","footnotes":""},"class_list":["post-344","page","type-page","status-publish","hentry"],"translation":{"provider":"WPGlobus","version":"3.0.2","language":"fr","enabled_languages":["nl","fr"],"languages":{"nl":{"title":true,"content":true,"excerpt":false},"fr":{"title":true,"content":true,"excerpt":false}}},"yoast_head":"<!-- This site is optimized with the Yoast SEO plugin v27.4 - https:\/\/yoast.com\/product\/yoast-seo-wordpress\/ -->\n<title>R\u00e9f\u00e9rences - HW Finishing<\/title>\n<meta name=\"robots\" content=\"index, follow, max-snippet:-1, max-image-preview:large, max-video-preview:-1\" \/>\n<link rel=\"canonical\" href=\"https:\/\/www.hwfinishing.nl\/referenties-van-projecten\/\" \/>\n<meta property=\"og:locale\" content=\"fr_FR\" \/>\n<meta property=\"og:type\" content=\"article\" \/>\n<meta property=\"og:title\" content=\"R\u00e9f\u00e9rences - HW Finishing\" \/>\n<meta property=\"og:url\" content=\"https:\/\/www.hwfinishing.nl\/referenties-van-projecten\/\" \/>\n<meta property=\"og:site_name\" content=\"HW Finishing\" \/>\n<meta property=\"article:modified_time\" content=\"2022-11-15T08:02:00+00:00\" \/>\n<meta property=\"og:image\" content=\"https:\/\/www.hwfinishing.nl\/wp-content\/uploads\/2022\/11\/Oak-Canyon-260mm-oil-Toendra.png\" \/>\n<meta name=\"twitter:card\" content=\"summary_large_image\" \/>\n<meta name=\"twitter:site\" content=\"@nocurenopaysale\" \/>\n<meta name=\"twitter:label1\" content=\"Est. reading time\" \/>\n\t<meta name=\"twitter:data1\" content=\"2 minutes\" \/>\n<script type=\"application\/ld+json\" class=\"yoast-schema-graph\">{\"@context\":\"https:\\\/\\\/schema.org\",\"@graph\":[{\"@type\":\"WebPage\",\"@id\":\"https:\\\/\\\/www.hwfinishing.nl\\\/referenties-van-projecten\\\/\",\"url\":\"https:\\\/\\\/www.hwfinishing.nl\\\/referenties-van-projecten\\\/\",\"name\":\"R\u00e9f\u00e9rences - HW Finishing\",\"isPartOf\":{\"@id\":\"https:\\\/\\\/www.hwfinishing.nl\\\/#website\"},\"primaryImageOfPage\":{\"@id\":\"https:\\\/\\\/www.hwfinishing.nl\\\/referenties-van-projecten\\\/#primaryimage\"},\"image\":{\"@id\":\"https:\\\/\\\/www.hwfinishing.nl\\\/referenties-van-projecten\\\/#primaryimage\"},\"thumbnailUrl\":\"https:\\\/\\\/www.hwfinishing.nl\\\/wp-content\\\/uploads\\\/2022\\\/11\\\/Oak-Canyon-260mm-oil-Toendra.png\",\"datePublished\":\"2020-02-26T13:19:05+00:00\",\"dateModified\":\"2022-11-15T08:02:00+00:00\",\"breadcrumb\":{\"@id\":\"https:\\\/\\\/www.hwfinishing.nl\\\/referenties-van-projecten\\\/#breadcrumb\"},\"inLanguage\":\"fr-FR\",\"potentialAction\":[{\"@type\":\"ReadAction\",\"target\":[\"https:\\\/\\\/www.hwfinishing.nl\\\/referenties-van-projecten\\\/\"]}]},{\"@type\":\"ImageObject\",\"inLanguage\":\"fr-FR\",\"@id\":\"https:\\\/\\\/www.hwfinishing.nl\\\/referenties-van-projecten\\\/#primaryimage\",\"url\":\"https:\\\/\\\/www.hwfinishing.nl\\\/wp-content\\\/uploads\\\/2022\\\/11\\\/Oak-Canyon-260mm-oil-Toendra.png\",\"contentUrl\":\"https:\\\/\\\/www.hwfinishing.nl\\\/wp-content\\\/uploads\\\/2022\\\/11\\\/Oak-Canyon-260mm-oil-Toendra.png\"},{\"@type\":\"BreadcrumbList\",\"@id\":\"https:\\\/\\\/www.hwfinishing.nl\\\/referenties-van-projecten\\\/#breadcrumb\",\"itemListElement\":[{\"@type\":\"ListItem\",\"position\":1,\"name\":\"Home\",\"item\":\"https:\\\/\\\/www.hwfinishing.nl\\\/\"},{\"@type\":\"ListItem\",\"position\":2,\"name\":\"Referenties\"}]},{\"@type\":\"WebSite\",\"@id\":\"https:\\\/\\\/www.hwfinishing.nl\\\/#website\",\"url\":\"https:\\\/\\\/www.hwfinishing.nl\\\/\",\"name\":\"{:nl}HW Finishing{:}{:fr}HW Finishing{:}\",\"description\":\"Sp\u00e9cialiste en finition du parquet\",\"publisher\":{\"@id\":\"https:\\\/\\\/www.hwfinishing.nl\\\/#organization\"},\"potentialAction\":[{\"@type\":\"SearchAction\",\"target\":{\"@type\":\"EntryPoint\",\"urlTemplate\":\"https:\\\/\\\/www.hwfinishing.nl\\\/?s={search_term_string}\"},\"query-input\":{\"@type\":\"PropertyValueSpecification\",\"valueRequired\":true,\"valueName\":\"search_term_string\"}}],\"inLanguage\":\"fr-FR\"},{\"@type\":\"Organization\",\"@id\":\"https:\\\/\\\/www.hwfinishing.nl\\\/#organization\",\"name\":\"H&W Finishing\",\"url\":\"https:\\\/\\\/www.hwfinishing.nl\\\/\",\"logo\":{\"@type\":\"ImageObject\",\"inLanguage\":\"fr-FR\",\"@id\":\"https:\\\/\\\/www.hwfinishing.nl\\\/#\\\/schema\\\/logo\\\/image\\\/\",\"url\":\"https:\\\/\\\/www.hwfinishing.nl\\\/wp-content\\\/uploads\\\/2020\\\/02\\\/logo_hw.png\",\"contentUrl\":\"https:\\\/\\\/www.hwfinishing.nl\\\/wp-content\\\/uploads\\\/2020\\\/02\\\/logo_hw.png\",\"width\":568,\"height\":130,\"caption\":\"H&W Finishing\"},\"image\":{\"@id\":\"https:\\\/\\\/www.hwfinishing.nl\\\/#\\\/schema\\\/logo\\\/image\\\/\"},\"sameAs\":[\"https:\\\/\\\/x.com\\\/nocurenopaysale\"]}]}<\/script>\n<!-- \/ Yoast SEO plugin. -->","yoast_head_json":{"title":"R\u00e9f\u00e9rences - HW Finishing","robots":{"index":"index","follow":"follow","max-snippet":"max-snippet:-1","max-image-preview":"max-image-preview:large","max-video-preview":"max-video-preview:-1"},"canonical":"https:\/\/www.hwfinishing.nl\/referenties-van-projecten\/","og_locale":"fr_FR","og_type":"article","og_title":"R\u00e9f\u00e9rences - HW Finishing","og_url":"https:\/\/www.hwfinishing.nl\/referenties-van-projecten\/","og_site_name":"HW Finishing","article_modified_time":"2022-11-15T08:02:00+00:00","og_image":[{"url":"https:\/\/www.hwfinishing.nl\/wp-content\/uploads\/2022\/11\/Oak-Canyon-260mm-oil-Toendra.png","type":"","width":"","height":""}],"twitter_card":"summary_large_image","twitter_site":"@nocurenopaysale","twitter_misc":{"Est. reading time":"2 minutes"},"schema":{"@context":"https:\/\/schema.org","@graph":[{"@type":"WebPage","@id":"https:\/\/www.hwfinishing.nl\/referenties-van-projecten\/","url":"https:\/\/www.hwfinishing.nl\/referenties-van-projecten\/","name":"R\u00e9f\u00e9rences - HW Finishing","isPartOf":{"@id":"https:\/\/www.hwfinishing.nl\/#website"},"primaryImageOfPage":{"@id":"https:\/\/www.hwfinishing.nl\/referenties-van-projecten\/#primaryimage"},"image":{"@id":"https:\/\/www.hwfinishing.nl\/referenties-van-projecten\/#primaryimage"},"thumbnailUrl":"https:\/\/www.hwfinishing.nl\/wp-content\/uploads\/2022\/11\/Oak-Canyon-260mm-oil-Toendra.png","datePublished":"2020-02-26T13:19:05+00:00","dateModified":"2022-11-15T08:02:00+00:00","breadcrumb":{"@id":"https:\/\/www.hwfinishing.nl\/referenties-van-projecten\/#breadcrumb"},"inLanguage":"fr-FR","potentialAction":[{"@type":"ReadAction","target":["https:\/\/www.hwfinishing.nl\/referenties-van-projecten\/"]}]},{"@type":"ImageObject","inLanguage":"fr-FR","@id":"https:\/\/www.hwfinishing.nl\/referenties-van-projecten\/#primaryimage","url":"https:\/\/www.hwfinishing.nl\/wp-content\/uploads\/2022\/11\/Oak-Canyon-260mm-oil-Toendra.png","contentUrl":"https:\/\/www.hwfinishing.nl\/wp-content\/uploads\/2022\/11\/Oak-Canyon-260mm-oil-Toendra.png"},{"@type":"BreadcrumbList","@id":"https:\/\/www.hwfinishing.nl\/referenties-van-projecten\/#breadcrumb","itemListElement":[{"@type":"ListItem","position":1,"name":"Home","item":"https:\/\/www.hwfinishing.nl\/"},{"@type":"ListItem","position":2,"name":"Referenties"}]},{"@type":"WebSite","@id":"https:\/\/www.hwfinishing.nl\/#website","url":"https:\/\/www.hwfinishing.nl\/","name":"{:nl}HW Finishing{:}{:fr}HW Finishing{:}","description":"Sp\u00e9cialiste en finition du parquet","publisher":{"@id":"https:\/\/www.hwfinishing.nl\/#organization"},"potentialAction":[{"@type":"SearchAction","target":{"@type":"EntryPoint","urlTemplate":"https:\/\/www.hwfinishing.nl\/?s={search_term_string}"},"query-input":{"@type":"PropertyValueSpecification","valueRequired":true,"valueName":"search_term_string"}}],"inLanguage":"fr-FR"},{"@type":"Organization","@id":"https:\/\/www.hwfinishing.nl\/#organization","name":"H&W Finishing","url":"https:\/\/www.hwfinishing.nl\/","logo":{"@type":"ImageObject","inLanguage":"fr-FR","@id":"https:\/\/www.hwfinishing.nl\/#\/schema\/logo\/image\/","url":"https:\/\/www.hwfinishing.nl\/wp-content\/uploads\/2020\/02\/logo_hw.png","contentUrl":"https:\/\/www.hwfinishing.nl\/wp-content\/uploads\/2020\/02\/logo_hw.png","width":568,"height":130,"caption":"H&W Finishing"},"image":{"@id":"https:\/\/www.hwfinishing.nl\/#\/schema\/logo\/image\/"},"sameAs":["https:\/\/x.com\/nocurenopaysale"]}]}},"uagb_featured_image_src":{"full":false,"thumbnail":false,"medium":false,"medium_large":false,"large":false,"1536x1536":false,"2048x2048":false,"sow-carousel-default":false},"uagb_author_info":{"display_name":"admin","author_link":"https:\/\/www.hwfinishing.nl\/fr\/author\/admin\/"},"uagb_comment_info":0,"uagb_excerpt":"Ch\u00eane Canyon 15 x 260 mm huile Toendra Ch\u00eane b\u00e2ton rompu 15x170x900mm rustique bross\u00e9 et vernis mat Real. Un parquet point de Hongrie dans une maison neuve. En grand format : 170 x 900 mm, il s&#8217;accordait parfaitement aux lieux. Nous avons r\u00e9alis\u00e9 ses finitions \u00e0 l&#8217;huile Toendra \/ Toundra Un ancien entrep\u00f4t \u00e0 Bergen&hellip;","_links":{"self":[{"href":"https:\/\/www.hwfinishing.nl\/fr\/wp-json\/wp\/v2\/pages\/344","targetHints":{"allow":["GET"]}}],"collection":[{"href":"https:\/\/www.hwfinishing.nl\/fr\/wp-json\/wp\/v2\/pages"}],"about":[{"href":"https:\/\/www.hwfinishing.nl\/fr\/wp-json\/wp\/v2\/types\/page"}],"author":[{"embeddable":true,"href":"https:\/\/www.hwfinishing.nl\/fr\/wp-json\/wp\/v2\/users\/1"}],"replies":[{"embeddable":true,"href":"https:\/\/www.hwfinishing.nl\/fr\/wp-json\/wp\/v2\/comments?post=344"}],"version-history":[{"count":5,"href":"https:\/\/www.hwfinishing.nl\/fr\/wp-json\/wp\/v2\/pages\/344\/revisions"}],"predecessor-version":[{"id":2145,"href":"https:\/\/www.hwfinishing.nl\/fr\/wp-json\/wp\/v2\/pages\/344\/revisions\/2145"}],"wp:attachment":[{"href":"https:\/\/www.hwfinishing.nl\/fr\/wp-json\/wp\/v2\/media?parent=344"}],"curies":[{"name":"wp","href":"https:\/\/api.w.org\/{rel}","templated":true}]}}