{"id":326,"date":"2020-02-21T21:14:25","date_gmt":"2020-02-21T21:14:25","guid":{"rendered":"http:\/\/hana7.1234websites.nl\/?page_id=326"},"modified":"2020-04-14T14:09:44","modified_gmt":"2020-04-14T14:09:44","slug":"verpakken","status":"publish","type":"page","link":"https:\/\/www.hwfinishing.nl\/fr\/bewerkingen-van-houten-vloeren-en-panelen\/verpakken\/","title":{"rendered":"L&#8217;emballage"},"content":{"rendered":"\n<p>Un conditionnement sous film plastique apr\u00e8s les op\u00e9rations de transformations ?<br><br>Aucune difficult\u00e9 ! Un conditionnement sous film plastique r\u00e9sistant permet une meilleure protection du produit contre les dommages, la salet\u00e9 et l&#8217;humidit\u00e9.<br><br>L&#8217;emballage est r\u00e9alis\u00e9 selon les conditions convenues pour le conditionnement : nombre de lames de parquet par paquet, indication de vos directives d&#8217;entreposage et ou d&#8217;empilage.<br><br>Une labellisation des lots s&#8217;inscrit aussi parmi les possibilit\u00e9s. L&#8217;\u00e9tiquette peut comporter des indications importantes telles que :<\/p>\n\n\n\n<ul class=\"wp-block-list\"><li>raison sociale<\/li><li>essence du bois<\/li><li>longueur<\/li><li>largeur<\/li><li>\u00e9paisseur<\/li><li>choix<\/li><li>finition<\/li><li>date de production<\/li><li>votre num\u00e9ro de commande<\/li><li>nombre de m\u00e8tres carr\u00e9s<\/li><\/ul>\n","protected":false},"excerpt":{"rendered":"<p>Un conditionnement sous film plastique apr\u00e8s les op\u00e9rations de transformations ? Aucune difficult\u00e9 ! Un conditionnement sous film plastique r\u00e9sistant permet une meilleure protection du produit contre les dommages, la salet\u00e9 et l&#8217;humidit\u00e9. L&#8217;emballage est r\u00e9alis\u00e9 selon les conditions convenues pour le conditionnement : nombre de lames de parquet par paquet, indication de vos directives&hellip;<\/p>\n","protected":false},"author":1,"featured_media":0,"parent":311,"menu_order":0,"comment_status":"closed","ping_status":"closed","template":"","meta":{"_coblocks_attr":"","_coblocks_dimensions":"","_coblocks_responsive_height":"","_coblocks_accordion_ie_support":"","_uag_custom_page_level_css":"","footnotes":""},"class_list":["post-326","page","type-page","status-publish","hentry"],"translation":{"provider":"WPGlobus","version":"3.0.2","language":"fr","enabled_languages":["nl","fr"],"languages":{"nl":{"title":true,"content":true,"excerpt":false},"fr":{"title":true,"content":true,"excerpt":false}}},"yoast_head":"<!-- This site is optimized with the Yoast SEO plugin v27.6 - https:\/\/yoast.com\/product\/yoast-seo-wordpress\/ -->\n<title>L&#039;emballage - HW Finishing<\/title>\n<meta name=\"robots\" content=\"index, follow, max-snippet:-1, max-image-preview:large, max-video-preview:-1\" \/>\n<link rel=\"canonical\" href=\"https:\/\/www.hwfinishing.nl\/bewerkingen-van-houten-vloeren-en-panelen\/verpakken\/\" \/>\n<meta property=\"og:locale\" content=\"fr_FR\" \/>\n<meta property=\"og:type\" content=\"article\" \/>\n<meta property=\"og:title\" content=\"L&#039;emballage - HW Finishing\" \/>\n<meta property=\"og:url\" content=\"https:\/\/www.hwfinishing.nl\/bewerkingen-van-houten-vloeren-en-panelen\/verpakken\/\" \/>\n<meta property=\"og:site_name\" content=\"HW Finishing\" \/>\n<meta property=\"article:modified_time\" content=\"2020-04-14T14:09:44+00:00\" \/>\n<meta name=\"twitter:card\" content=\"summary_large_image\" \/>\n<meta name=\"twitter:site\" content=\"@nocurenopaysale\" \/>\n<meta name=\"twitter:label1\" content=\"Est. reading time\" \/>\n\t<meta name=\"twitter:data1\" content=\"1 minute\" \/>\n<script type=\"application\/ld+json\" class=\"yoast-schema-graph\">{\"@context\":\"https:\\\/\\\/schema.org\",\"@graph\":[{\"@type\":\"WebPage\",\"@id\":\"https:\\\/\\\/www.hwfinishing.nl\\\/bewerkingen-van-houten-vloeren-en-panelen\\\/verpakken\\\/\",\"url\":\"https:\\\/\\\/www.hwfinishing.nl\\\/bewerkingen-van-houten-vloeren-en-panelen\\\/verpakken\\\/\",\"name\":\"L'emballage - HW Finishing\",\"isPartOf\":{\"@id\":\"https:\\\/\\\/www.hwfinishing.nl\\\/#website\"},\"datePublished\":\"2020-02-21T21:14:25+00:00\",\"dateModified\":\"2020-04-14T14:09:44+00:00\",\"description\":\"Verpakken na de bewerkingen in plastic folie waardoor de product beschermd zijn tegen beschadigen, vocht en vuil. Inclusief labels en legvoorschrijften\",\"breadcrumb\":{\"@id\":\"https:\\\/\\\/www.hwfinishing.nl\\\/bewerkingen-van-houten-vloeren-en-panelen\\\/verpakken\\\/#breadcrumb\"},\"inLanguage\":\"fr-FR\",\"potentialAction\":[{\"@type\":\"ReadAction\",\"target\":[\"https:\\\/\\\/www.hwfinishing.nl\\\/bewerkingen-van-houten-vloeren-en-panelen\\\/verpakken\\\/\"]}]},{\"@type\":\"BreadcrumbList\",\"@id\":\"https:\\\/\\\/www.hwfinishing.nl\\\/bewerkingen-van-houten-vloeren-en-panelen\\\/verpakken\\\/#breadcrumb\",\"itemListElement\":[{\"@type\":\"ListItem\",\"position\":1,\"name\":\"Home\",\"item\":\"https:\\\/\\\/www.hwfinishing.nl\\\/\"},{\"@type\":\"ListItem\",\"position\":2,\"name\":\"Bewerkingen\",\"item\":\"https:\\\/\\\/www.hwfinishing.nl\\\/bewerkingen-van-houten-vloeren-en-panelen\\\/\"},{\"@type\":\"ListItem\",\"position\":3,\"name\":\"Verpakken\"}]},{\"@type\":\"WebSite\",\"@id\":\"https:\\\/\\\/www.hwfinishing.nl\\\/#website\",\"url\":\"https:\\\/\\\/www.hwfinishing.nl\\\/\",\"name\":\"{:nl}HW Finishing{:}{:fr}HW Finishing{:}\",\"description\":\"Sp\u00e9cialiste en finition du parquet\",\"publisher\":{\"@id\":\"https:\\\/\\\/www.hwfinishing.nl\\\/#organization\"},\"potentialAction\":[{\"@type\":\"SearchAction\",\"target\":{\"@type\":\"EntryPoint\",\"urlTemplate\":\"https:\\\/\\\/www.hwfinishing.nl\\\/?s={search_term_string}\"},\"query-input\":{\"@type\":\"PropertyValueSpecification\",\"valueRequired\":true,\"valueName\":\"search_term_string\"}}],\"inLanguage\":\"fr-FR\"},{\"@type\":\"Organization\",\"@id\":\"https:\\\/\\\/www.hwfinishing.nl\\\/#organization\",\"name\":\"H&W Finishing\",\"url\":\"https:\\\/\\\/www.hwfinishing.nl\\\/\",\"logo\":{\"@type\":\"ImageObject\",\"inLanguage\":\"fr-FR\",\"@id\":\"https:\\\/\\\/www.hwfinishing.nl\\\/#\\\/schema\\\/logo\\\/image\\\/\",\"url\":\"https:\\\/\\\/www.hwfinishing.nl\\\/wp-content\\\/uploads\\\/2020\\\/02\\\/logo_hw.png\",\"contentUrl\":\"https:\\\/\\\/www.hwfinishing.nl\\\/wp-content\\\/uploads\\\/2020\\\/02\\\/logo_hw.png\",\"width\":568,\"height\":130,\"caption\":\"H&W Finishing\"},\"image\":{\"@id\":\"https:\\\/\\\/www.hwfinishing.nl\\\/#\\\/schema\\\/logo\\\/image\\\/\"},\"sameAs\":[\"https:\\\/\\\/x.com\\\/nocurenopaysale\"]}]}<\/script>\n<!-- \/ Yoast SEO plugin. -->","yoast_head_json":{"title":"L'emballage - HW Finishing","robots":{"index":"index","follow":"follow","max-snippet":"max-snippet:-1","max-image-preview":"max-image-preview:large","max-video-preview":"max-video-preview:-1"},"canonical":"https:\/\/www.hwfinishing.nl\/bewerkingen-van-houten-vloeren-en-panelen\/verpakken\/","og_locale":"fr_FR","og_type":"article","og_title":"L'emballage - HW Finishing","og_url":"https:\/\/www.hwfinishing.nl\/bewerkingen-van-houten-vloeren-en-panelen\/verpakken\/","og_site_name":"HW Finishing","article_modified_time":"2020-04-14T14:09:44+00:00","twitter_card":"summary_large_image","twitter_site":"@nocurenopaysale","twitter_misc":{"Est. reading time":"1 minute"},"schema":{"@context":"https:\/\/schema.org","@graph":[{"@type":"WebPage","@id":"https:\/\/www.hwfinishing.nl\/bewerkingen-van-houten-vloeren-en-panelen\/verpakken\/","url":"https:\/\/www.hwfinishing.nl\/bewerkingen-van-houten-vloeren-en-panelen\/verpakken\/","name":"L'emballage - HW Finishing","isPartOf":{"@id":"https:\/\/www.hwfinishing.nl\/#website"},"datePublished":"2020-02-21T21:14:25+00:00","dateModified":"2020-04-14T14:09:44+00:00","description":"Verpakken na de bewerkingen in plastic folie waardoor de product beschermd zijn tegen beschadigen, vocht en vuil. Inclusief labels en legvoorschrijften","breadcrumb":{"@id":"https:\/\/www.hwfinishing.nl\/bewerkingen-van-houten-vloeren-en-panelen\/verpakken\/#breadcrumb"},"inLanguage":"fr-FR","potentialAction":[{"@type":"ReadAction","target":["https:\/\/www.hwfinishing.nl\/bewerkingen-van-houten-vloeren-en-panelen\/verpakken\/"]}]},{"@type":"BreadcrumbList","@id":"https:\/\/www.hwfinishing.nl\/bewerkingen-van-houten-vloeren-en-panelen\/verpakken\/#breadcrumb","itemListElement":[{"@type":"ListItem","position":1,"name":"Home","item":"https:\/\/www.hwfinishing.nl\/"},{"@type":"ListItem","position":2,"name":"Bewerkingen","item":"https:\/\/www.hwfinishing.nl\/bewerkingen-van-houten-vloeren-en-panelen\/"},{"@type":"ListItem","position":3,"name":"Verpakken"}]},{"@type":"WebSite","@id":"https:\/\/www.hwfinishing.nl\/#website","url":"https:\/\/www.hwfinishing.nl\/","name":"{:nl}HW Finishing{:}{:fr}HW Finishing{:}","description":"Sp\u00e9cialiste en finition du parquet","publisher":{"@id":"https:\/\/www.hwfinishing.nl\/#organization"},"potentialAction":[{"@type":"SearchAction","target":{"@type":"EntryPoint","urlTemplate":"https:\/\/www.hwfinishing.nl\/?s={search_term_string}"},"query-input":{"@type":"PropertyValueSpecification","valueRequired":true,"valueName":"search_term_string"}}],"inLanguage":"fr-FR"},{"@type":"Organization","@id":"https:\/\/www.hwfinishing.nl\/#organization","name":"H&W Finishing","url":"https:\/\/www.hwfinishing.nl\/","logo":{"@type":"ImageObject","inLanguage":"fr-FR","@id":"https:\/\/www.hwfinishing.nl\/#\/schema\/logo\/image\/","url":"https:\/\/www.hwfinishing.nl\/wp-content\/uploads\/2020\/02\/logo_hw.png","contentUrl":"https:\/\/www.hwfinishing.nl\/wp-content\/uploads\/2020\/02\/logo_hw.png","width":568,"height":130,"caption":"H&W Finishing"},"image":{"@id":"https:\/\/www.hwfinishing.nl\/#\/schema\/logo\/image\/"},"sameAs":["https:\/\/x.com\/nocurenopaysale"]}]}},"uagb_featured_image_src":{"full":false,"thumbnail":false,"medium":false,"medium_large":false,"large":false,"1536x1536":false,"2048x2048":false,"sow-carousel-default":false},"uagb_author_info":{"display_name":"admin","author_link":"https:\/\/www.hwfinishing.nl\/fr\/author\/admin\/"},"uagb_comment_info":0,"uagb_excerpt":"Un conditionnement sous film plastique apr\u00e8s les op\u00e9rations de transformations ? Aucune difficult\u00e9 ! Un conditionnement sous film plastique r\u00e9sistant permet une meilleure protection du produit contre les dommages, la salet\u00e9 et l&#8217;humidit\u00e9. L&#8217;emballage est r\u00e9alis\u00e9 selon les conditions convenues pour le conditionnement : nombre de lames de parquet par paquet, indication de vos directives&hellip;","_links":{"self":[{"href":"https:\/\/www.hwfinishing.nl\/fr\/wp-json\/wp\/v2\/pages\/326","targetHints":{"allow":["GET"]}}],"collection":[{"href":"https:\/\/www.hwfinishing.nl\/fr\/wp-json\/wp\/v2\/pages"}],"about":[{"href":"https:\/\/www.hwfinishing.nl\/fr\/wp-json\/wp\/v2\/types\/page"}],"author":[{"embeddable":true,"href":"https:\/\/www.hwfinishing.nl\/fr\/wp-json\/wp\/v2\/users\/1"}],"replies":[{"embeddable":true,"href":"https:\/\/www.hwfinishing.nl\/fr\/wp-json\/wp\/v2\/comments?post=326"}],"version-history":[{"count":5,"href":"https:\/\/www.hwfinishing.nl\/fr\/wp-json\/wp\/v2\/pages\/326\/revisions"}],"predecessor-version":[{"id":1625,"href":"https:\/\/www.hwfinishing.nl\/fr\/wp-json\/wp\/v2\/pages\/326\/revisions\/1625"}],"up":[{"embeddable":true,"href":"https:\/\/www.hwfinishing.nl\/fr\/wp-json\/wp\/v2\/pages\/311"}],"wp:attachment":[{"href":"https:\/\/www.hwfinishing.nl\/fr\/wp-json\/wp\/v2\/media?parent=326"}],"curies":[{"name":"wp","href":"https:\/\/api.w.org\/{rel}","templated":true}]}}