{"id":322,"date":"2020-02-21T21:13:23","date_gmt":"2020-02-21T21:13:23","guid":{"rendered":"http:\/\/hana7.1234websites.nl\/?page_id=322"},"modified":"2020-04-14T14:02:05","modified_gmt":"2020-04-14T14:02:05","slug":"kleuren","status":"publish","type":"page","link":"https:\/\/www.hwfinishing.nl\/fr\/bewerkingen-van-houten-vloeren-en-panelen\/kleuren\/","title":{"rendered":"La teinte"},"content":{"rendered":"\n<p>Diverses teintes vous sont propos\u00e9es tant pour l&#8217;huilage que pour le laquage. Les nervures d&#8217;origine du bois sont concerv\u00e9es.<br><br>Le bois est un produit naturel qui se d\u00e9colore sous l&#8217;action de la lumi\u00e8re du jour. Les produits \u00ab\u00a0fra\u00eechement trait\u00e9s\u00a0\u00bb peuvent pr\u00e9senter des nuances diff\u00e9rentes de ceux livr\u00e9s ant\u00e9rieurement.<br>Nous vous conseillons donc, pour tous vos travaux de finitions, de nous faire parvenir un \u00e9chantillon. Nous vous conseillons donc, pour tous vos travaux de finitions, de nous faire parvenir un \u00e9chantillon. <\/p>\n\n\n\n<p><\/p>\n\n\n\n<p><\/p>\n","protected":false},"excerpt":{"rendered":"<p>Diverses teintes vous sont propos\u00e9es tant pour l&#8217;huilage que pour le laquage. Les nervures d&#8217;origine du bois sont concerv\u00e9es. Le bois est un produit naturel qui se d\u00e9colore sous l&#8217;action de la lumi\u00e8re du jour. Les produits \u00ab\u00a0fra\u00eechement trait\u00e9s\u00a0\u00bb peuvent pr\u00e9senter des nuances diff\u00e9rentes de ceux livr\u00e9s ant\u00e9rieurement.Nous vous conseillons donc, pour tous vos travaux&hellip;<\/p>\n","protected":false},"author":1,"featured_media":0,"parent":311,"menu_order":0,"comment_status":"closed","ping_status":"closed","template":"","meta":{"_coblocks_attr":"","_coblocks_dimensions":"","_coblocks_responsive_height":"","_coblocks_accordion_ie_support":"","_uag_custom_page_level_css":"","footnotes":""},"class_list":["post-322","page","type-page","status-publish","hentry"],"translation":{"provider":"WPGlobus","version":"3.0.2","language":"fr","enabled_languages":["nl","fr"],"languages":{"nl":{"title":true,"content":true,"excerpt":false},"fr":{"title":true,"content":true,"excerpt":false}}},"yoast_head":"<!-- This site is optimized with the Yoast SEO plugin v27.5 - https:\/\/yoast.com\/product\/yoast-seo-wordpress\/ -->\n<title>La teinte - HW Finishing<\/title>\n<meta name=\"robots\" content=\"index, follow, max-snippet:-1, max-image-preview:large, max-video-preview:-1\" \/>\n<link rel=\"canonical\" href=\"https:\/\/www.hwfinishing.nl\/bewerkingen-van-houten-vloeren-en-panelen\/kleuren\/\" \/>\n<meta property=\"og:locale\" content=\"fr_FR\" \/>\n<meta property=\"og:type\" content=\"article\" \/>\n<meta property=\"og:title\" content=\"La teinte - HW Finishing\" \/>\n<meta property=\"og:url\" content=\"https:\/\/www.hwfinishing.nl\/bewerkingen-van-houten-vloeren-en-panelen\/kleuren\/\" \/>\n<meta property=\"og:site_name\" content=\"HW Finishing\" \/>\n<meta property=\"article:modified_time\" content=\"2020-04-14T14:02:05+00:00\" \/>\n<meta name=\"twitter:card\" content=\"summary_large_image\" \/>\n<meta name=\"twitter:site\" content=\"@nocurenopaysale\" \/>\n<meta name=\"twitter:label1\" content=\"Est. reading time\" \/>\n\t<meta name=\"twitter:data1\" content=\"1 minute\" \/>\n<script type=\"application\/ld+json\" class=\"yoast-schema-graph\">{\"@context\":\"https:\\\/\\\/schema.org\",\"@graph\":[{\"@type\":\"WebPage\",\"@id\":\"https:\\\/\\\/www.hwfinishing.nl\\\/bewerkingen-van-houten-vloeren-en-panelen\\\/kleuren\\\/\",\"url\":\"https:\\\/\\\/www.hwfinishing.nl\\\/bewerkingen-van-houten-vloeren-en-panelen\\\/kleuren\\\/\",\"name\":\"La teinte - HW Finishing\",\"isPartOf\":{\"@id\":\"https:\\\/\\\/www.hwfinishing.nl\\\/#website\"},\"datePublished\":\"2020-02-21T21:13:23+00:00\",\"dateModified\":\"2020-04-14T14:02:05+00:00\",\"description\":\"Kleuren met behulp van uitgekiende pigmenten geven de mogelijkheid om bijna iedere denkbare tint toe te passen. Laat ons u wensen weten.\",\"breadcrumb\":{\"@id\":\"https:\\\/\\\/www.hwfinishing.nl\\\/bewerkingen-van-houten-vloeren-en-panelen\\\/kleuren\\\/#breadcrumb\"},\"inLanguage\":\"fr-FR\",\"potentialAction\":[{\"@type\":\"ReadAction\",\"target\":[\"https:\\\/\\\/www.hwfinishing.nl\\\/bewerkingen-van-houten-vloeren-en-panelen\\\/kleuren\\\/\"]}]},{\"@type\":\"BreadcrumbList\",\"@id\":\"https:\\\/\\\/www.hwfinishing.nl\\\/bewerkingen-van-houten-vloeren-en-panelen\\\/kleuren\\\/#breadcrumb\",\"itemListElement\":[{\"@type\":\"ListItem\",\"position\":1,\"name\":\"Home\",\"item\":\"https:\\\/\\\/www.hwfinishing.nl\\\/\"},{\"@type\":\"ListItem\",\"position\":2,\"name\":\"Bewerkingen\",\"item\":\"https:\\\/\\\/www.hwfinishing.nl\\\/bewerkingen-van-houten-vloeren-en-panelen\\\/\"},{\"@type\":\"ListItem\",\"position\":3,\"name\":\"Kleuren\"}]},{\"@type\":\"WebSite\",\"@id\":\"https:\\\/\\\/www.hwfinishing.nl\\\/#website\",\"url\":\"https:\\\/\\\/www.hwfinishing.nl\\\/\",\"name\":\"{:nl}HW Finishing{:}{:fr}HW Finishing{:}\",\"description\":\"Sp\u00e9cialiste en finition du parquet\",\"publisher\":{\"@id\":\"https:\\\/\\\/www.hwfinishing.nl\\\/#organization\"},\"potentialAction\":[{\"@type\":\"SearchAction\",\"target\":{\"@type\":\"EntryPoint\",\"urlTemplate\":\"https:\\\/\\\/www.hwfinishing.nl\\\/?s={search_term_string}\"},\"query-input\":{\"@type\":\"PropertyValueSpecification\",\"valueRequired\":true,\"valueName\":\"search_term_string\"}}],\"inLanguage\":\"fr-FR\"},{\"@type\":\"Organization\",\"@id\":\"https:\\\/\\\/www.hwfinishing.nl\\\/#organization\",\"name\":\"H&W Finishing\",\"url\":\"https:\\\/\\\/www.hwfinishing.nl\\\/\",\"logo\":{\"@type\":\"ImageObject\",\"inLanguage\":\"fr-FR\",\"@id\":\"https:\\\/\\\/www.hwfinishing.nl\\\/#\\\/schema\\\/logo\\\/image\\\/\",\"url\":\"https:\\\/\\\/www.hwfinishing.nl\\\/wp-content\\\/uploads\\\/2020\\\/02\\\/logo_hw.png\",\"contentUrl\":\"https:\\\/\\\/www.hwfinishing.nl\\\/wp-content\\\/uploads\\\/2020\\\/02\\\/logo_hw.png\",\"width\":568,\"height\":130,\"caption\":\"H&W Finishing\"},\"image\":{\"@id\":\"https:\\\/\\\/www.hwfinishing.nl\\\/#\\\/schema\\\/logo\\\/image\\\/\"},\"sameAs\":[\"https:\\\/\\\/x.com\\\/nocurenopaysale\"]}]}<\/script>\n<!-- \/ Yoast SEO plugin. -->","yoast_head_json":{"title":"La teinte - HW Finishing","robots":{"index":"index","follow":"follow","max-snippet":"max-snippet:-1","max-image-preview":"max-image-preview:large","max-video-preview":"max-video-preview:-1"},"canonical":"https:\/\/www.hwfinishing.nl\/bewerkingen-van-houten-vloeren-en-panelen\/kleuren\/","og_locale":"fr_FR","og_type":"article","og_title":"La teinte - HW Finishing","og_url":"https:\/\/www.hwfinishing.nl\/bewerkingen-van-houten-vloeren-en-panelen\/kleuren\/","og_site_name":"HW Finishing","article_modified_time":"2020-04-14T14:02:05+00:00","twitter_card":"summary_large_image","twitter_site":"@nocurenopaysale","twitter_misc":{"Est. reading time":"1 minute"},"schema":{"@context":"https:\/\/schema.org","@graph":[{"@type":"WebPage","@id":"https:\/\/www.hwfinishing.nl\/bewerkingen-van-houten-vloeren-en-panelen\/kleuren\/","url":"https:\/\/www.hwfinishing.nl\/bewerkingen-van-houten-vloeren-en-panelen\/kleuren\/","name":"La teinte - HW Finishing","isPartOf":{"@id":"https:\/\/www.hwfinishing.nl\/#website"},"datePublished":"2020-02-21T21:13:23+00:00","dateModified":"2020-04-14T14:02:05+00:00","description":"Kleuren met behulp van uitgekiende pigmenten geven de mogelijkheid om bijna iedere denkbare tint toe te passen. Laat ons u wensen weten.","breadcrumb":{"@id":"https:\/\/www.hwfinishing.nl\/bewerkingen-van-houten-vloeren-en-panelen\/kleuren\/#breadcrumb"},"inLanguage":"fr-FR","potentialAction":[{"@type":"ReadAction","target":["https:\/\/www.hwfinishing.nl\/bewerkingen-van-houten-vloeren-en-panelen\/kleuren\/"]}]},{"@type":"BreadcrumbList","@id":"https:\/\/www.hwfinishing.nl\/bewerkingen-van-houten-vloeren-en-panelen\/kleuren\/#breadcrumb","itemListElement":[{"@type":"ListItem","position":1,"name":"Home","item":"https:\/\/www.hwfinishing.nl\/"},{"@type":"ListItem","position":2,"name":"Bewerkingen","item":"https:\/\/www.hwfinishing.nl\/bewerkingen-van-houten-vloeren-en-panelen\/"},{"@type":"ListItem","position":3,"name":"Kleuren"}]},{"@type":"WebSite","@id":"https:\/\/www.hwfinishing.nl\/#website","url":"https:\/\/www.hwfinishing.nl\/","name":"{:nl}HW Finishing{:}{:fr}HW Finishing{:}","description":"Sp\u00e9cialiste en finition du parquet","publisher":{"@id":"https:\/\/www.hwfinishing.nl\/#organization"},"potentialAction":[{"@type":"SearchAction","target":{"@type":"EntryPoint","urlTemplate":"https:\/\/www.hwfinishing.nl\/?s={search_term_string}"},"query-input":{"@type":"PropertyValueSpecification","valueRequired":true,"valueName":"search_term_string"}}],"inLanguage":"fr-FR"},{"@type":"Organization","@id":"https:\/\/www.hwfinishing.nl\/#organization","name":"H&W Finishing","url":"https:\/\/www.hwfinishing.nl\/","logo":{"@type":"ImageObject","inLanguage":"fr-FR","@id":"https:\/\/www.hwfinishing.nl\/#\/schema\/logo\/image\/","url":"https:\/\/www.hwfinishing.nl\/wp-content\/uploads\/2020\/02\/logo_hw.png","contentUrl":"https:\/\/www.hwfinishing.nl\/wp-content\/uploads\/2020\/02\/logo_hw.png","width":568,"height":130,"caption":"H&W Finishing"},"image":{"@id":"https:\/\/www.hwfinishing.nl\/#\/schema\/logo\/image\/"},"sameAs":["https:\/\/x.com\/nocurenopaysale"]}]}},"uagb_featured_image_src":{"full":false,"thumbnail":false,"medium":false,"medium_large":false,"large":false,"1536x1536":false,"2048x2048":false,"sow-carousel-default":false},"uagb_author_info":{"display_name":"admin","author_link":"https:\/\/www.hwfinishing.nl\/fr\/author\/admin\/"},"uagb_comment_info":0,"uagb_excerpt":"Diverses teintes vous sont propos\u00e9es tant pour l&#8217;huilage que pour le laquage. Les nervures d&#8217;origine du bois sont concerv\u00e9es. Le bois est un produit naturel qui se d\u00e9colore sous l&#8217;action de la lumi\u00e8re du jour. Les produits \u00ab\u00a0fra\u00eechement trait\u00e9s\u00a0\u00bb peuvent pr\u00e9senter des nuances diff\u00e9rentes de ceux livr\u00e9s ant\u00e9rieurement.Nous vous conseillons donc, pour tous vos travaux&hellip;","_links":{"self":[{"href":"https:\/\/www.hwfinishing.nl\/fr\/wp-json\/wp\/v2\/pages\/322","targetHints":{"allow":["GET"]}}],"collection":[{"href":"https:\/\/www.hwfinishing.nl\/fr\/wp-json\/wp\/v2\/pages"}],"about":[{"href":"https:\/\/www.hwfinishing.nl\/fr\/wp-json\/wp\/v2\/types\/page"}],"author":[{"embeddable":true,"href":"https:\/\/www.hwfinishing.nl\/fr\/wp-json\/wp\/v2\/users\/1"}],"replies":[{"embeddable":true,"href":"https:\/\/www.hwfinishing.nl\/fr\/wp-json\/wp\/v2\/comments?post=322"}],"version-history":[{"count":5,"href":"https:\/\/www.hwfinishing.nl\/fr\/wp-json\/wp\/v2\/pages\/322\/revisions"}],"predecessor-version":[{"id":1612,"href":"https:\/\/www.hwfinishing.nl\/fr\/wp-json\/wp\/v2\/pages\/322\/revisions\/1612"}],"up":[{"embeddable":true,"href":"https:\/\/www.hwfinishing.nl\/fr\/wp-json\/wp\/v2\/pages\/311"}],"wp:attachment":[{"href":"https:\/\/www.hwfinishing.nl\/fr\/wp-json\/wp\/v2\/media?parent=322"}],"curies":[{"name":"wp","href":"https:\/\/api.w.org\/{rel}","templated":true}]}}