{"id":318,"date":"2020-02-21T21:12:04","date_gmt":"2020-02-21T21:12:04","guid":{"rendered":"http:\/\/hana7.1234websites.nl\/?page_id=318"},"modified":"2025-06-04T08:11:06","modified_gmt":"2025-06-04T06:11:06","slug":"olieen","status":"publish","type":"page","link":"https:\/\/www.hwfinishing.nl\/fr\/bewerkingen-van-houten-vloeren-en-panelen\/olieen\/","title":{"rendered":"L&#8217;huilage"},"content":{"rendered":"\n<p> H&amp;W Finishing est \u00e0 m\u00eame, gr\u00e2ce \u00e0 son module multifonctionnel de proc\u00e9der \u00e0 la teinte puis au huilage de tous les types de produits en bois plat tels que les produits en bois contrecoll\u00e9  ou massifs.<br><br>Nous utilisons  des huiles que nous avons s\u00e9lectionn\u00e9es avec soins. Nos mati\u00e8res premi\u00e8res pour huilage r\u00e9pondent aux exigences environnementales le plus r\u00e9centes. Ainsi, nous veillons \u00e0 une qualit\u00e9 optimale tandis que le respect des exigences s&#8217;inscrit dans les fondements m\u00eame de H&amp;W Finishing B.V. <br><br>Nous avons tout mis en \u0153uvre pour r\u00e9ussir \u00e0 combiner les proc\u00e9d\u00e9s les plus ad hoc avec notre parc de machines, et ce, tandis que nous travaillons avec des mati\u00e8res premi\u00e8res \u00e9quilibr\u00e9es. Notre ligne de production continue, situ\u00e9 dans les vastes locaux de notre entreprise, est garante de la qualit\u00e9 et de l&#8217;efficacit\u00e9 de nos usinages et application. Ainsi, nous sommes en mesure de traiter facilement de tr\u00e8s gros volumes.<br><br>Nos techniques de pon\u00e7age, de brossage et d&#8217;application sont de derni\u00e8re g\u00e9n\u00e9ration de haut qualit\u00e9. L&#8217;emploi de produits ol\u00e9agineux biod\u00e9gradables forme la base des finitions appropri\u00e9es. Nos huiles r\u00e9pondent aux exigences les plus r\u00e9centes. et ceci pour un excellent rapport qualit\u00e9-prix.<br><br>Nous poss\u00e9dons un module de production en ligne moderne. Gr\u00e2ce \u00e0 nos tunnels UV sp\u00e9ciaux, le s\u00e9chage s&#8217;effectue aussit\u00f4t, juste  apr\u00e8s application durant le processus de production. Ainsi, le produit est aussit\u00f4t pr\u00eat \u00e0 \u00eatre emball\u00e9 et exp\u00e9di\u00e9.<\/p>\n","protected":false},"excerpt":{"rendered":"<p>H&amp;W Finishing est \u00e0 m\u00eame, gr\u00e2ce \u00e0 son module multifonctionnel de proc\u00e9der \u00e0 la teinte puis au huilage de tous les types de produits en bois plat tels que les produits en bois contrecoll\u00e9 ou massifs. Nous utilisons des huiles que nous avons s\u00e9lectionn\u00e9es avec soins. Nos mati\u00e8res premi\u00e8res pour huilage r\u00e9pondent aux exigences environnementales&hellip;<\/p>\n","protected":false},"author":1,"featured_media":0,"parent":311,"menu_order":0,"comment_status":"closed","ping_status":"closed","template":"","meta":{"_coblocks_attr":"","_coblocks_dimensions":"","_coblocks_responsive_height":"","_coblocks_accordion_ie_support":"","_uag_custom_page_level_css":"","footnotes":""},"class_list":["post-318","page","type-page","status-publish","hentry"],"translation":{"provider":"WPGlobus","version":"3.0.2","language":"fr","enabled_languages":["nl","fr"],"languages":{"nl":{"title":true,"content":true,"excerpt":false},"fr":{"title":true,"content":true,"excerpt":false}}},"yoast_head":"<!-- This site is optimized with the Yoast SEO plugin v27.5 - https:\/\/yoast.com\/product\/yoast-seo-wordpress\/ -->\n<title>L&#039;huilage - HW Finishing<\/title>\n<meta name=\"robots\" content=\"index, follow, max-snippet:-1, max-image-preview:large, max-video-preview:-1\" \/>\n<link rel=\"canonical\" href=\"https:\/\/www.hwfinishing.nl\/bewerkingen-van-houten-vloeren-en-panelen\/olieen\/\" \/>\n<meta property=\"og:locale\" content=\"fr_FR\" \/>\n<meta property=\"og:type\" content=\"article\" \/>\n<meta property=\"og:title\" content=\"L&#039;huilage - HW Finishing\" \/>\n<meta property=\"og:url\" content=\"https:\/\/www.hwfinishing.nl\/bewerkingen-van-houten-vloeren-en-panelen\/olieen\/\" \/>\n<meta property=\"og:site_name\" content=\"HW Finishing\" \/>\n<meta property=\"article:modified_time\" content=\"2025-06-04T06:11:06+00:00\" \/>\n<meta name=\"twitter:card\" content=\"summary_large_image\" \/>\n<meta name=\"twitter:site\" content=\"@nocurenopaysale\" \/>\n<meta name=\"twitter:label1\" content=\"Est. reading time\" \/>\n\t<meta name=\"twitter:data1\" content=\"1 minute\" \/>\n<script type=\"application\/ld+json\" class=\"yoast-schema-graph\">{\"@context\":\"https:\\\/\\\/schema.org\",\"@graph\":[{\"@type\":\"WebPage\",\"@id\":\"https:\\\/\\\/www.hwfinishing.nl\\\/bewerkingen-van-houten-vloeren-en-panelen\\\/olieen\\\/\",\"url\":\"https:\\\/\\\/www.hwfinishing.nl\\\/bewerkingen-van-houten-vloeren-en-panelen\\\/olieen\\\/\",\"name\":\"L'huilage - HW Finishing\",\"isPartOf\":{\"@id\":\"https:\\\/\\\/www.hwfinishing.nl\\\/#website\"},\"datePublished\":\"2020-02-21T21:12:04+00:00\",\"dateModified\":\"2025-06-04T06:11:06+00:00\",\"description\":\"H&W Finishing kan met een multifunctionele oliestraat alle vlakke houtproducten oli\u00ebn en tinten. Met de olie heeft de houten vloer een goede bescherming tegen vocht en vuil.\",\"breadcrumb\":{\"@id\":\"https:\\\/\\\/www.hwfinishing.nl\\\/bewerkingen-van-houten-vloeren-en-panelen\\\/olieen\\\/#breadcrumb\"},\"inLanguage\":\"fr-FR\",\"potentialAction\":[{\"@type\":\"ReadAction\",\"target\":[\"https:\\\/\\\/www.hwfinishing.nl\\\/bewerkingen-van-houten-vloeren-en-panelen\\\/olieen\\\/\"]}]},{\"@type\":\"BreadcrumbList\",\"@id\":\"https:\\\/\\\/www.hwfinishing.nl\\\/bewerkingen-van-houten-vloeren-en-panelen\\\/olieen\\\/#breadcrumb\",\"itemListElement\":[{\"@type\":\"ListItem\",\"position\":1,\"name\":\"Home\",\"item\":\"https:\\\/\\\/www.hwfinishing.nl\\\/\"},{\"@type\":\"ListItem\",\"position\":2,\"name\":\"Bewerkingen\",\"item\":\"https:\\\/\\\/www.hwfinishing.nl\\\/bewerkingen-van-houten-vloeren-en-panelen\\\/\"},{\"@type\":\"ListItem\",\"position\":3,\"name\":\"Olie\u00ebn\"}]},{\"@type\":\"WebSite\",\"@id\":\"https:\\\/\\\/www.hwfinishing.nl\\\/#website\",\"url\":\"https:\\\/\\\/www.hwfinishing.nl\\\/\",\"name\":\"{:nl}HW Finishing{:}{:fr}HW Finishing{:}\",\"description\":\"Sp\u00e9cialiste en finition du parquet\",\"publisher\":{\"@id\":\"https:\\\/\\\/www.hwfinishing.nl\\\/#organization\"},\"potentialAction\":[{\"@type\":\"SearchAction\",\"target\":{\"@type\":\"EntryPoint\",\"urlTemplate\":\"https:\\\/\\\/www.hwfinishing.nl\\\/?s={search_term_string}\"},\"query-input\":{\"@type\":\"PropertyValueSpecification\",\"valueRequired\":true,\"valueName\":\"search_term_string\"}}],\"inLanguage\":\"fr-FR\"},{\"@type\":\"Organization\",\"@id\":\"https:\\\/\\\/www.hwfinishing.nl\\\/#organization\",\"name\":\"H&W Finishing\",\"url\":\"https:\\\/\\\/www.hwfinishing.nl\\\/\",\"logo\":{\"@type\":\"ImageObject\",\"inLanguage\":\"fr-FR\",\"@id\":\"https:\\\/\\\/www.hwfinishing.nl\\\/#\\\/schema\\\/logo\\\/image\\\/\",\"url\":\"https:\\\/\\\/www.hwfinishing.nl\\\/wp-content\\\/uploads\\\/2020\\\/02\\\/logo_hw.png\",\"contentUrl\":\"https:\\\/\\\/www.hwfinishing.nl\\\/wp-content\\\/uploads\\\/2020\\\/02\\\/logo_hw.png\",\"width\":568,\"height\":130,\"caption\":\"H&W Finishing\"},\"image\":{\"@id\":\"https:\\\/\\\/www.hwfinishing.nl\\\/#\\\/schema\\\/logo\\\/image\\\/\"},\"sameAs\":[\"https:\\\/\\\/x.com\\\/nocurenopaysale\"]}]}<\/script>\n<!-- \/ Yoast SEO plugin. -->","yoast_head_json":{"title":"L'huilage - HW Finishing","robots":{"index":"index","follow":"follow","max-snippet":"max-snippet:-1","max-image-preview":"max-image-preview:large","max-video-preview":"max-video-preview:-1"},"canonical":"https:\/\/www.hwfinishing.nl\/bewerkingen-van-houten-vloeren-en-panelen\/olieen\/","og_locale":"fr_FR","og_type":"article","og_title":"L'huilage - HW Finishing","og_url":"https:\/\/www.hwfinishing.nl\/bewerkingen-van-houten-vloeren-en-panelen\/olieen\/","og_site_name":"HW Finishing","article_modified_time":"2025-06-04T06:11:06+00:00","twitter_card":"summary_large_image","twitter_site":"@nocurenopaysale","twitter_misc":{"Est. reading time":"1 minute"},"schema":{"@context":"https:\/\/schema.org","@graph":[{"@type":"WebPage","@id":"https:\/\/www.hwfinishing.nl\/bewerkingen-van-houten-vloeren-en-panelen\/olieen\/","url":"https:\/\/www.hwfinishing.nl\/bewerkingen-van-houten-vloeren-en-panelen\/olieen\/","name":"L'huilage - HW Finishing","isPartOf":{"@id":"https:\/\/www.hwfinishing.nl\/#website"},"datePublished":"2020-02-21T21:12:04+00:00","dateModified":"2025-06-04T06:11:06+00:00","description":"H&W Finishing kan met een multifunctionele oliestraat alle vlakke houtproducten oli\u00ebn en tinten. Met de olie heeft de houten vloer een goede bescherming tegen vocht en vuil.","breadcrumb":{"@id":"https:\/\/www.hwfinishing.nl\/bewerkingen-van-houten-vloeren-en-panelen\/olieen\/#breadcrumb"},"inLanguage":"fr-FR","potentialAction":[{"@type":"ReadAction","target":["https:\/\/www.hwfinishing.nl\/bewerkingen-van-houten-vloeren-en-panelen\/olieen\/"]}]},{"@type":"BreadcrumbList","@id":"https:\/\/www.hwfinishing.nl\/bewerkingen-van-houten-vloeren-en-panelen\/olieen\/#breadcrumb","itemListElement":[{"@type":"ListItem","position":1,"name":"Home","item":"https:\/\/www.hwfinishing.nl\/"},{"@type":"ListItem","position":2,"name":"Bewerkingen","item":"https:\/\/www.hwfinishing.nl\/bewerkingen-van-houten-vloeren-en-panelen\/"},{"@type":"ListItem","position":3,"name":"Olie\u00ebn"}]},{"@type":"WebSite","@id":"https:\/\/www.hwfinishing.nl\/#website","url":"https:\/\/www.hwfinishing.nl\/","name":"{:nl}HW Finishing{:}{:fr}HW Finishing{:}","description":"Sp\u00e9cialiste en finition du parquet","publisher":{"@id":"https:\/\/www.hwfinishing.nl\/#organization"},"potentialAction":[{"@type":"SearchAction","target":{"@type":"EntryPoint","urlTemplate":"https:\/\/www.hwfinishing.nl\/?s={search_term_string}"},"query-input":{"@type":"PropertyValueSpecification","valueRequired":true,"valueName":"search_term_string"}}],"inLanguage":"fr-FR"},{"@type":"Organization","@id":"https:\/\/www.hwfinishing.nl\/#organization","name":"H&W Finishing","url":"https:\/\/www.hwfinishing.nl\/","logo":{"@type":"ImageObject","inLanguage":"fr-FR","@id":"https:\/\/www.hwfinishing.nl\/#\/schema\/logo\/image\/","url":"https:\/\/www.hwfinishing.nl\/wp-content\/uploads\/2020\/02\/logo_hw.png","contentUrl":"https:\/\/www.hwfinishing.nl\/wp-content\/uploads\/2020\/02\/logo_hw.png","width":568,"height":130,"caption":"H&W Finishing"},"image":{"@id":"https:\/\/www.hwfinishing.nl\/#\/schema\/logo\/image\/"},"sameAs":["https:\/\/x.com\/nocurenopaysale"]}]}},"uagb_featured_image_src":{"full":false,"thumbnail":false,"medium":false,"medium_large":false,"large":false,"1536x1536":false,"2048x2048":false,"sow-carousel-default":false},"uagb_author_info":{"display_name":"admin","author_link":"https:\/\/www.hwfinishing.nl\/fr\/author\/admin\/"},"uagb_comment_info":0,"uagb_excerpt":"H&amp;W Finishing est \u00e0 m\u00eame, gr\u00e2ce \u00e0 son module multifonctionnel de proc\u00e9der \u00e0 la teinte puis au huilage de tous les types de produits en bois plat tels que les produits en bois contrecoll\u00e9 ou massifs. Nous utilisons des huiles que nous avons s\u00e9lectionn\u00e9es avec soins. Nos mati\u00e8res premi\u00e8res pour huilage r\u00e9pondent aux exigences environnementales&hellip;","_links":{"self":[{"href":"https:\/\/www.hwfinishing.nl\/fr\/wp-json\/wp\/v2\/pages\/318","targetHints":{"allow":["GET"]}}],"collection":[{"href":"https:\/\/www.hwfinishing.nl\/fr\/wp-json\/wp\/v2\/pages"}],"about":[{"href":"https:\/\/www.hwfinishing.nl\/fr\/wp-json\/wp\/v2\/types\/page"}],"author":[{"embeddable":true,"href":"https:\/\/www.hwfinishing.nl\/fr\/wp-json\/wp\/v2\/users\/1"}],"replies":[{"embeddable":true,"href":"https:\/\/www.hwfinishing.nl\/fr\/wp-json\/wp\/v2\/comments?post=318"}],"version-history":[{"count":6,"href":"https:\/\/www.hwfinishing.nl\/fr\/wp-json\/wp\/v2\/pages\/318\/revisions"}],"predecessor-version":[{"id":2326,"href":"https:\/\/www.hwfinishing.nl\/fr\/wp-json\/wp\/v2\/pages\/318\/revisions\/2326"}],"up":[{"embeddable":true,"href":"https:\/\/www.hwfinishing.nl\/fr\/wp-json\/wp\/v2\/pages\/311"}],"wp:attachment":[{"href":"https:\/\/www.hwfinishing.nl\/fr\/wp-json\/wp\/v2\/media?parent=318"}],"curies":[{"name":"wp","href":"https:\/\/api.w.org\/{rel}","templated":true}]}}