{"id":316,"date":"2020-02-21T21:09:21","date_gmt":"2020-02-21T21:09:21","guid":{"rendered":"http:\/\/hana7.1234websites.nl\/?page_id=316"},"modified":"2021-10-25T15:45:52","modified_gmt":"2021-10-25T13:45:52","slug":"lakken","status":"publish","type":"page","link":"https:\/\/www.hwfinishing.nl\/fr\/bewerkingen-van-houten-vloeren-en-panelen\/lakken\/","title":{"rendered":"Le vernissage"},"content":{"rendered":"\n<p>H&amp;W Finishing est \u00e0 m\u00eame, gr\u00e2ce \u00e0 son module de vernissage multifonctionnel, de proc\u00e9der \u00e0 la teinte puis au vernissage \u00e0 plat de tous les types de produits en bois plats tels que les produits en bois contrecoll\u00e9 ou massif.<br><br>L&#8217;emploi des vernis soigneusement s\u00e9lectionn\u00e9s, combin\u00e9 \u00e0 des mati\u00e8res premi\u00e8res pour vernis respectueuses des exigences les plus r\u00e9centes en mati\u00e8re de normes environnementales, s&#8217;inscrit dans les fondements m\u00eames de H&amp;W Finishing B.V.<br><br>Nous avons tour mis en \u0153uvres pour r\u00e9ussir \u00e0 combiner les proc\u00e9d\u00e9s les plus adapt\u00e9s avec notre parc machines. Notre ligne de production en continue, situ\u00e9e dans les vastes locaux de notre entreprise se caract\u00e9rise, outre par la qualit\u00e9, par l&#8217;efficacit\u00e9 de ses transformations. Ainsi, nous sommes en mesure de traiter facilement de tr\u00e8s gros volumes. <br><br>Nos techniques de pon\u00e7age, de brossage et du rouleau \u00e0 peinture de m\u00eame que l&#8217;emploi de nos laques et de noshuiles hydrofuges et durcissantes aux UV forment la base de finitions r\u00e9pondant aux exigences les plus r\u00e9centes. Et ceci pour un excellent rapport qualit\u00e9-prix.<br><br>Le <a href=\"https:\/\/www.hwfinishing.nl\/fr\/qualite\/\">degr\u00e9 de brillance<\/a> est contr\u00f4l\u00e9 sur le bois pr\u00eat \u00e0 poser juste avant l&#8217;emballage.<\/p>\n\n\n\n<ul class=\"wp-block-list\"><li>La laque satin\u00e9 pr\u00e9sente un pourcentage de 28 % (+\/- 2 %)<\/li><li>La laque mat pr\u00e9sente un pourcentage de 10 % (+\/- 2 %)<\/li><\/ul>\n\n\n\n<h2 class=\"uagb-heading-text wp-block-heading\">Beachfloor<\/h2>\n\n\n<style type=\"text\/css\">\n#foogallery-gallery-2096 .fg-image { width: 200px; }\n#foogallery-gallery-2096 { --fg-gutter: 15px; }<\/style>\n\t\t\t<div class=\"foogallery foogallery-container foogallery-default foogallery-lightbox-foobox fg-left fg-default fg-ready fg-light fg-shadow-outline fg-loading-default fg-loaded-fade-in fg-caption-hover fg-hover-fade fg-hover-zoom\" id=\"foogallery-gallery-2096\" data-foogallery=\"{&quot;item&quot;:{&quot;showCaptionTitle&quot;:true,&quot;showCaptionDescription&quot;:true},&quot;lazy&quot;:true}\" style=\"--fg-title-line-clamp: 0; --fg-description-line-clamp: 0;\" >\n\t<div class=\"fg-item fg-type-image fg-idle\"><figure class=\"fg-item-inner\"><a href=\"https:\/\/www.hwfinishing.nl\/wp-content\/uploads\/2021\/10\/Beachfloor-wit-RAL-9010.jpg\" data-caption-desc=\"Beachfloor-wit-RAL-9010\" data-attachment-id=\"2094\" data-type=\"image\" class=\"fg-thumb\"><span class=\"fg-image-wrap\"><img decoding=\"async\" alt=\"Beachfloor-wit-RAL-9010\" width=\"200\" height=\"200\" class=\"skip-lazy fg-image\" data-src-fg=\"https:\/\/www.hwfinishing.nl\/wp-content\/uploads\/cache\/2021\/10\/Beachfloor-wit-RAL-9010\/896873014.jpg\" src=\"data:image\/svg+xml,%3Csvg%20xmlns%3D%22http%3A%2F%2Fwww.w3.org%2F2000%2Fsvg%22%20width%3D%22200%22%20height%3D%22200%22%20viewBox%3D%220%200%20200%20200%22%3E%3C%2Fsvg%3E\" loading=\"eager\"><\/span><span class=\"fg-image-overlay\"><\/span><\/a><figcaption class=\"fg-caption\"><div class=\"fg-caption-inner\"><div class=\"fg-caption-desc\">Beachfloor-wit-RAL-9010<\/div><\/div><\/figcaption><\/figure><div class=\"fg-loader\"><\/div><\/div><div class=\"fg-item fg-type-image fg-idle\"><figure class=\"fg-item-inner\"><a href=\"https:\/\/www.hwfinishing.nl\/wp-content\/uploads\/2021\/10\/Beachfloor-grijs-Ral-7030.jpg\" data-caption-desc=\"Beachfloor-grijs-Ral-7030\" data-attachment-id=\"2093\" data-type=\"image\" class=\"fg-thumb\"><span class=\"fg-image-wrap\"><img decoding=\"async\" alt=\"Beachfloor-grijs-Ral-7030\" width=\"200\" height=\"200\" class=\"skip-lazy fg-image\" data-src-fg=\"https:\/\/www.hwfinishing.nl\/wp-content\/uploads\/cache\/2021\/10\/Beachfloor-grijs-Ral-7030\/1617136033.jpg\" src=\"data:image\/svg+xml,%3Csvg%20xmlns%3D%22http%3A%2F%2Fwww.w3.org%2F2000%2Fsvg%22%20width%3D%22200%22%20height%3D%22200%22%20viewBox%3D%220%200%20200%20200%22%3E%3C%2Fsvg%3E\" loading=\"eager\"><\/span><span class=\"fg-image-overlay\"><\/span><\/a><figcaption class=\"fg-caption\"><div class=\"fg-caption-inner\"><div class=\"fg-caption-desc\">Beachfloor-grijs-Ral-7030<\/div><\/div><\/figcaption><\/figure><div class=\"fg-loader\"><\/div><\/div><div class=\"fg-item fg-type-image fg-idle\"><figure class=\"fg-item-inner\"><a href=\"https:\/\/www.hwfinishing.nl\/wp-content\/uploads\/2021\/10\/Beachfloor-zwart-RAL-9005.jpg\" data-caption-desc=\"Beachfloor-zwart-RAL-9005\" data-attachment-id=\"2095\" data-type=\"image\" class=\"fg-thumb\"><span class=\"fg-image-wrap\"><img decoding=\"async\" alt=\"Beachfloor-zwart-RAL-9005\" width=\"200\" height=\"200\" class=\"skip-lazy fg-image\" data-src-fg=\"https:\/\/www.hwfinishing.nl\/wp-content\/uploads\/cache\/2021\/10\/Beachfloor-zwart-RAL-9005\/2648934037.jpg\" src=\"data:image\/svg+xml,%3Csvg%20xmlns%3D%22http%3A%2F%2Fwww.w3.org%2F2000%2Fsvg%22%20width%3D%22200%22%20height%3D%22200%22%20viewBox%3D%220%200%20200%20200%22%3E%3C%2Fsvg%3E\" loading=\"eager\"><\/span><span class=\"fg-image-overlay\"><\/span><\/a><figcaption class=\"fg-caption\"><div class=\"fg-caption-inner\"><div class=\"fg-caption-desc\">Beachfloor-zwart-RAL-9005<\/div><\/div><\/figcaption><\/figure><div class=\"fg-loader\"><\/div><\/div><\/div>\n\n\n\n\n<p><\/p>\n","protected":false},"excerpt":{"rendered":"<p>H&amp;W Finishing est \u00e0 m\u00eame, gr\u00e2ce \u00e0 son module de vernissage multifonctionnel, de proc\u00e9der \u00e0 la teinte puis au vernissage \u00e0 plat de tous les types de produits en bois plats tels que les produits en bois contrecoll\u00e9 ou massif. L&#8217;emploi des vernis soigneusement s\u00e9lectionn\u00e9s, combin\u00e9 \u00e0 des mati\u00e8res premi\u00e8res pour vernis respectueuses des exigences&hellip;<\/p>\n","protected":false},"author":1,"featured_media":0,"parent":311,"menu_order":0,"comment_status":"closed","ping_status":"closed","template":"","meta":{"_coblocks_attr":"","_coblocks_dimensions":"","_coblocks_responsive_height":"","_coblocks_accordion_ie_support":"","_uag_custom_page_level_css":"","footnotes":""},"class_list":["post-316","page","type-page","status-publish","hentry"],"translation":{"provider":"WPGlobus","version":"3.0.2","language":"fr","enabled_languages":["nl","fr"],"languages":{"nl":{"title":true,"content":true,"excerpt":false},"fr":{"title":true,"content":true,"excerpt":false}}},"yoast_head":"<!-- This site is optimized with the Yoast SEO plugin v27.4 - https:\/\/yoast.com\/product\/yoast-seo-wordpress\/ -->\n<title>Le vernissage - HW Finishing<\/title>\n<meta name=\"robots\" content=\"index, follow, max-snippet:-1, max-image-preview:large, max-video-preview:-1\" \/>\n<link rel=\"canonical\" href=\"https:\/\/www.hwfinishing.nl\/bewerkingen-van-houten-vloeren-en-panelen\/lakken\/\" \/>\n<meta property=\"og:locale\" content=\"fr_FR\" \/>\n<meta property=\"og:type\" content=\"article\" \/>\n<meta property=\"og:title\" content=\"Le vernissage - HW Finishing\" \/>\n<meta property=\"og:url\" content=\"https:\/\/www.hwfinishing.nl\/bewerkingen-van-houten-vloeren-en-panelen\/lakken\/\" \/>\n<meta property=\"og:site_name\" content=\"HW Finishing\" \/>\n<meta property=\"article:modified_time\" content=\"2021-10-25T13:45:52+00:00\" \/>\n<meta name=\"twitter:card\" content=\"summary_large_image\" \/>\n<meta name=\"twitter:site\" content=\"@nocurenopaysale\" \/>\n<meta name=\"twitter:label1\" content=\"Est. reading time\" \/>\n\t<meta name=\"twitter:data1\" content=\"1 minute\" \/>\n<script type=\"application\/ld+json\" class=\"yoast-schema-graph\">{\"@context\":\"https:\\\/\\\/schema.org\",\"@graph\":[{\"@type\":\"WebPage\",\"@id\":\"https:\\\/\\\/www.hwfinishing.nl\\\/bewerkingen-van-houten-vloeren-en-panelen\\\/lakken\\\/\",\"url\":\"https:\\\/\\\/www.hwfinishing.nl\\\/bewerkingen-van-houten-vloeren-en-panelen\\\/lakken\\\/\",\"name\":\"Le vernissage - HW Finishing\",\"isPartOf\":{\"@id\":\"https:\\\/\\\/www.hwfinishing.nl\\\/#website\"},\"datePublished\":\"2020-02-21T21:09:21+00:00\",\"dateModified\":\"2021-10-25T13:45:52+00:00\",\"breadcrumb\":{\"@id\":\"https:\\\/\\\/www.hwfinishing.nl\\\/bewerkingen-van-houten-vloeren-en-panelen\\\/lakken\\\/#breadcrumb\"},\"inLanguage\":\"fr-FR\",\"potentialAction\":[{\"@type\":\"ReadAction\",\"target\":[\"https:\\\/\\\/www.hwfinishing.nl\\\/bewerkingen-van-houten-vloeren-en-panelen\\\/lakken\\\/\"]}]},{\"@type\":\"BreadcrumbList\",\"@id\":\"https:\\\/\\\/www.hwfinishing.nl\\\/bewerkingen-van-houten-vloeren-en-panelen\\\/lakken\\\/#breadcrumb\",\"itemListElement\":[{\"@type\":\"ListItem\",\"position\":1,\"name\":\"Home\",\"item\":\"https:\\\/\\\/www.hwfinishing.nl\\\/\"},{\"@type\":\"ListItem\",\"position\":2,\"name\":\"Bewerkingen\",\"item\":\"https:\\\/\\\/www.hwfinishing.nl\\\/bewerkingen-van-houten-vloeren-en-panelen\\\/\"},{\"@type\":\"ListItem\",\"position\":3,\"name\":\"Lakken\"}]},{\"@type\":\"WebSite\",\"@id\":\"https:\\\/\\\/www.hwfinishing.nl\\\/#website\",\"url\":\"https:\\\/\\\/www.hwfinishing.nl\\\/\",\"name\":\"{:nl}HW Finishing{:}{:fr}HW Finishing{:}\",\"description\":\"Sp\u00e9cialiste en finition du parquet\",\"publisher\":{\"@id\":\"https:\\\/\\\/www.hwfinishing.nl\\\/#organization\"},\"potentialAction\":[{\"@type\":\"SearchAction\",\"target\":{\"@type\":\"EntryPoint\",\"urlTemplate\":\"https:\\\/\\\/www.hwfinishing.nl\\\/?s={search_term_string}\"},\"query-input\":{\"@type\":\"PropertyValueSpecification\",\"valueRequired\":true,\"valueName\":\"search_term_string\"}}],\"inLanguage\":\"fr-FR\"},{\"@type\":\"Organization\",\"@id\":\"https:\\\/\\\/www.hwfinishing.nl\\\/#organization\",\"name\":\"H&W Finishing\",\"url\":\"https:\\\/\\\/www.hwfinishing.nl\\\/\",\"logo\":{\"@type\":\"ImageObject\",\"inLanguage\":\"fr-FR\",\"@id\":\"https:\\\/\\\/www.hwfinishing.nl\\\/#\\\/schema\\\/logo\\\/image\\\/\",\"url\":\"https:\\\/\\\/www.hwfinishing.nl\\\/wp-content\\\/uploads\\\/2020\\\/02\\\/logo_hw.png\",\"contentUrl\":\"https:\\\/\\\/www.hwfinishing.nl\\\/wp-content\\\/uploads\\\/2020\\\/02\\\/logo_hw.png\",\"width\":568,\"height\":130,\"caption\":\"H&W Finishing\"},\"image\":{\"@id\":\"https:\\\/\\\/www.hwfinishing.nl\\\/#\\\/schema\\\/logo\\\/image\\\/\"},\"sameAs\":[\"https:\\\/\\\/x.com\\\/nocurenopaysale\"]}]}<\/script>\n<!-- \/ Yoast SEO plugin. -->","yoast_head_json":{"title":"Le vernissage - HW Finishing","robots":{"index":"index","follow":"follow","max-snippet":"max-snippet:-1","max-image-preview":"max-image-preview:large","max-video-preview":"max-video-preview:-1"},"canonical":"https:\/\/www.hwfinishing.nl\/bewerkingen-van-houten-vloeren-en-panelen\/lakken\/","og_locale":"fr_FR","og_type":"article","og_title":"Le vernissage - HW Finishing","og_url":"https:\/\/www.hwfinishing.nl\/bewerkingen-van-houten-vloeren-en-panelen\/lakken\/","og_site_name":"HW Finishing","article_modified_time":"2021-10-25T13:45:52+00:00","twitter_card":"summary_large_image","twitter_site":"@nocurenopaysale","twitter_misc":{"Est. reading time":"1 minute"},"schema":{"@context":"https:\/\/schema.org","@graph":[{"@type":"WebPage","@id":"https:\/\/www.hwfinishing.nl\/bewerkingen-van-houten-vloeren-en-panelen\/lakken\/","url":"https:\/\/www.hwfinishing.nl\/bewerkingen-van-houten-vloeren-en-panelen\/lakken\/","name":"Le vernissage - HW Finishing","isPartOf":{"@id":"https:\/\/www.hwfinishing.nl\/#website"},"datePublished":"2020-02-21T21:09:21+00:00","dateModified":"2021-10-25T13:45:52+00:00","breadcrumb":{"@id":"https:\/\/www.hwfinishing.nl\/bewerkingen-van-houten-vloeren-en-panelen\/lakken\/#breadcrumb"},"inLanguage":"fr-FR","potentialAction":[{"@type":"ReadAction","target":["https:\/\/www.hwfinishing.nl\/bewerkingen-van-houten-vloeren-en-panelen\/lakken\/"]}]},{"@type":"BreadcrumbList","@id":"https:\/\/www.hwfinishing.nl\/bewerkingen-van-houten-vloeren-en-panelen\/lakken\/#breadcrumb","itemListElement":[{"@type":"ListItem","position":1,"name":"Home","item":"https:\/\/www.hwfinishing.nl\/"},{"@type":"ListItem","position":2,"name":"Bewerkingen","item":"https:\/\/www.hwfinishing.nl\/bewerkingen-van-houten-vloeren-en-panelen\/"},{"@type":"ListItem","position":3,"name":"Lakken"}]},{"@type":"WebSite","@id":"https:\/\/www.hwfinishing.nl\/#website","url":"https:\/\/www.hwfinishing.nl\/","name":"{:nl}HW Finishing{:}{:fr}HW Finishing{:}","description":"Sp\u00e9cialiste en finition du parquet","publisher":{"@id":"https:\/\/www.hwfinishing.nl\/#organization"},"potentialAction":[{"@type":"SearchAction","target":{"@type":"EntryPoint","urlTemplate":"https:\/\/www.hwfinishing.nl\/?s={search_term_string}"},"query-input":{"@type":"PropertyValueSpecification","valueRequired":true,"valueName":"search_term_string"}}],"inLanguage":"fr-FR"},{"@type":"Organization","@id":"https:\/\/www.hwfinishing.nl\/#organization","name":"H&W Finishing","url":"https:\/\/www.hwfinishing.nl\/","logo":{"@type":"ImageObject","inLanguage":"fr-FR","@id":"https:\/\/www.hwfinishing.nl\/#\/schema\/logo\/image\/","url":"https:\/\/www.hwfinishing.nl\/wp-content\/uploads\/2020\/02\/logo_hw.png","contentUrl":"https:\/\/www.hwfinishing.nl\/wp-content\/uploads\/2020\/02\/logo_hw.png","width":568,"height":130,"caption":"H&W Finishing"},"image":{"@id":"https:\/\/www.hwfinishing.nl\/#\/schema\/logo\/image\/"},"sameAs":["https:\/\/x.com\/nocurenopaysale"]}]}},"uagb_featured_image_src":{"full":false,"thumbnail":false,"medium":false,"medium_large":false,"large":false,"1536x1536":false,"2048x2048":false,"sow-carousel-default":false},"uagb_author_info":{"display_name":"admin","author_link":"https:\/\/www.hwfinishing.nl\/fr\/author\/admin\/"},"uagb_comment_info":0,"uagb_excerpt":"H&amp;W Finishing est \u00e0 m\u00eame, gr\u00e2ce \u00e0 son module de vernissage multifonctionnel, de proc\u00e9der \u00e0 la teinte puis au vernissage \u00e0 plat de tous les types de produits en bois plats tels que les produits en bois contrecoll\u00e9 ou massif. L&#8217;emploi des vernis soigneusement s\u00e9lectionn\u00e9s, combin\u00e9 \u00e0 des mati\u00e8res premi\u00e8res pour vernis respectueuses des exigences&hellip;","_links":{"self":[{"href":"https:\/\/www.hwfinishing.nl\/fr\/wp-json\/wp\/v2\/pages\/316","targetHints":{"allow":["GET"]}}],"collection":[{"href":"https:\/\/www.hwfinishing.nl\/fr\/wp-json\/wp\/v2\/pages"}],"about":[{"href":"https:\/\/www.hwfinishing.nl\/fr\/wp-json\/wp\/v2\/types\/page"}],"author":[{"embeddable":true,"href":"https:\/\/www.hwfinishing.nl\/fr\/wp-json\/wp\/v2\/users\/1"}],"replies":[{"embeddable":true,"href":"https:\/\/www.hwfinishing.nl\/fr\/wp-json\/wp\/v2\/comments?post=316"}],"version-history":[{"count":5,"href":"https:\/\/www.hwfinishing.nl\/fr\/wp-json\/wp\/v2\/pages\/316\/revisions"}],"predecessor-version":[{"id":2100,"href":"https:\/\/www.hwfinishing.nl\/fr\/wp-json\/wp\/v2\/pages\/316\/revisions\/2100"}],"up":[{"embeddable":true,"href":"https:\/\/www.hwfinishing.nl\/fr\/wp-json\/wp\/v2\/pages\/311"}],"wp:attachment":[{"href":"https:\/\/www.hwfinishing.nl\/fr\/wp-json\/wp\/v2\/media?parent=316"}],"curies":[{"name":"wp","href":"https:\/\/api.w.org\/{rel}","templated":true}]}}