{"id":311,"date":"2020-02-21T21:07:51","date_gmt":"2020-02-21T21:07:51","guid":{"rendered":"http:\/\/hana7.1234websites.nl\/?page_id=311"},"modified":"2021-04-22T11:49:32","modified_gmt":"2021-04-22T09:49:32","slug":"bewerkingen-van-houten-vloeren-en-panelen","status":"publish","type":"page","link":"https:\/\/www.hwfinishing.nl\/fr\/bewerkingen-van-houten-vloeren-en-panelen\/","title":{"rendered":"Op\u00e9rations de transformations"},"content":{"rendered":"\n<p>Chez H&amp;W Finishing, nous vous proposons nos services pour les gros comme pour les petits volumes.<br><br>Notre processus de production (r\u00e9parti sur deux lignes) nous permet de vous procurer de gros volumes, gr\u00e2ce \u00e0 modernisme et son efficacit\u00e9.<br>Les plus petits volumes peuvent vous \u00eatre livr\u00e9s rapidement du fait de la flexibilit\u00e9 de nos deux lignes de production.<br><br>Nous disposons de l&#8217;exp\u00e9rience n\u00e9cessaire pour le travail des essences le plus complexes telle que Ip\u00e9 \/ Lapacho et Weng\u00e9.<br><br>La finition industrielle par huile ou vernis UV conf\u00e8re \u00e0 nos sols une pr\u00e9sence naturelle. La teinte et les nervures du bois sont conserv\u00e9es.<br><br>La finition industrielle implique que chaque lame re\u00e7oit exactement les m\u00eames quantit\u00e9s d&#8217;huile ou de vernis ce qui, par la suite, permet un entretien beaucoup plus ais\u00e9 et assure au parquet une meilleure protection contre l&#8217;humidit\u00e9 et la salet\u00e9.<br><br>Dans notre unit\u00e9 de production de Bergen op Zoom, aux Pays-Bas, nous pouvons poncer, brosser, structurer &#8220;Scarving Xperience&#8221;, fumer, teinter dans divers coloris, vernis, huiler et conditioner.<br><br>Bien entendu, une combinaison de nos diff\u00e9tentes sp\u00e9cialit\u00e9s est toujours possible.<br><br><a href=\"https:\/\/www.hwfinishing.nl\/fr\/contact\/\">N&#8217;h\u00e9sitez pas \u00e0 prendre rendez-vous<\/a> avec nous pour nous informer de vos souhaits.<\/p>\n","protected":false},"excerpt":{"rendered":"<p>Chez H&amp;W Finishing, nous vous proposons nos services pour les gros comme pour les petits volumes. Notre processus de production (r\u00e9parti sur deux lignes) nous permet de vous procurer de gros volumes, gr\u00e2ce \u00e0 modernisme et son efficacit\u00e9.Les plus petits volumes peuvent vous \u00eatre livr\u00e9s rapidement du fait de la flexibilit\u00e9 de nos deux lignes&hellip;<\/p>\n","protected":false},"author":1,"featured_media":360,"parent":0,"menu_order":0,"comment_status":"closed","ping_status":"closed","template":"","meta":{"_coblocks_attr":"","_coblocks_dimensions":"","_coblocks_responsive_height":"","_coblocks_accordion_ie_support":"","_uag_custom_page_level_css":"","footnotes":""},"class_list":["post-311","page","type-page","status-publish","has-post-thumbnail","hentry"],"translation":{"provider":"WPGlobus","version":"3.0.2","language":"fr","enabled_languages":["nl","fr"],"languages":{"nl":{"title":true,"content":true,"excerpt":false},"fr":{"title":true,"content":true,"excerpt":false}}},"yoast_head":"<!-- This site is optimized with the Yoast SEO plugin v27.6 - https:\/\/yoast.com\/product\/yoast-seo-wordpress\/ -->\n<title>Op\u00e9rations de transformations HW Finishing Bewerkingen van houten vloeren en panelen<\/title>\n<meta name=\"robots\" content=\"index, follow, max-snippet:-1, max-image-preview:large, max-video-preview:-1\" \/>\n<link rel=\"canonical\" href=\"https:\/\/www.hwfinishing.nl\/bewerkingen-van-houten-vloeren-en-panelen\/\" \/>\n<meta property=\"og:locale\" content=\"fr_FR\" \/>\n<meta property=\"og:type\" content=\"article\" \/>\n<meta property=\"og:title\" content=\"Op\u00e9rations de transformations - HW Finishing\" \/>\n<meta property=\"og:url\" content=\"https:\/\/www.hwfinishing.nl\/bewerkingen-van-houten-vloeren-en-panelen\/\" \/>\n<meta property=\"og:site_name\" content=\"HW Finishing\" \/>\n<meta property=\"article:modified_time\" content=\"2021-04-22T09:49:32+00:00\" \/>\n<meta property=\"og:image\" content=\"https:\/\/www.hwfinishing.nl\/wp-content\/uploads\/2020\/02\/sliderHW-schuur01.png\" \/>\n\t<meta property=\"og:image:width\" content=\"1200\" \/>\n\t<meta property=\"og:image:height\" content=\"300\" \/>\n\t<meta property=\"og:image:type\" content=\"image\/png\" \/>\n<meta name=\"twitter:card\" content=\"summary_large_image\" \/>\n<meta name=\"twitter:site\" content=\"@nocurenopaysale\" \/>\n<meta name=\"twitter:label1\" content=\"Est. reading time\" \/>\n\t<meta name=\"twitter:data1\" content=\"1 minute\" \/>\n<script type=\"application\/ld+json\" class=\"yoast-schema-graph\">{\"@context\":\"https:\\\/\\\/schema.org\",\"@graph\":[{\"@type\":\"WebPage\",\"@id\":\"https:\\\/\\\/www.hwfinishing.nl\\\/bewerkingen-van-houten-vloeren-en-panelen\\\/\",\"url\":\"https:\\\/\\\/www.hwfinishing.nl\\\/bewerkingen-van-houten-vloeren-en-panelen\\\/\",\"name\":\"Op\u00e9rations de transformations HW Finishing Bewerkingen van houten vloeren en panelen\",\"isPartOf\":{\"@id\":\"https:\\\/\\\/www.hwfinishing.nl\\\/#website\"},\"primaryImageOfPage\":{\"@id\":\"https:\\\/\\\/www.hwfinishing.nl\\\/bewerkingen-van-houten-vloeren-en-panelen\\\/#primaryimage\"},\"image\":{\"@id\":\"https:\\\/\\\/www.hwfinishing.nl\\\/bewerkingen-van-houten-vloeren-en-panelen\\\/#primaryimage\"},\"thumbnailUrl\":\"https:\\\/\\\/www.hwfinishing.nl\\\/wp-content\\\/uploads\\\/2020\\\/02\\\/sliderHW-schuur01.png\",\"datePublished\":\"2020-02-21T21:07:51+00:00\",\"dateModified\":\"2021-04-22T09:49:32+00:00\",\"description\":\"Bewerkingen van houten vloeren en panelen. Maak een afspraak om de mogelijkheden te bespreken. U bent welkom bij H&W Finishing Bergen op zoom\",\"breadcrumb\":{\"@id\":\"https:\\\/\\\/www.hwfinishing.nl\\\/bewerkingen-van-houten-vloeren-en-panelen\\\/#breadcrumb\"},\"inLanguage\":\"fr-FR\",\"potentialAction\":[{\"@type\":\"ReadAction\",\"target\":[\"https:\\\/\\\/www.hwfinishing.nl\\\/bewerkingen-van-houten-vloeren-en-panelen\\\/\"]}]},{\"@type\":\"ImageObject\",\"inLanguage\":\"fr-FR\",\"@id\":\"https:\\\/\\\/www.hwfinishing.nl\\\/bewerkingen-van-houten-vloeren-en-panelen\\\/#primaryimage\",\"url\":\"https:\\\/\\\/www.hwfinishing.nl\\\/wp-content\\\/uploads\\\/2020\\\/02\\\/sliderHW-schuur01.png\",\"contentUrl\":\"https:\\\/\\\/www.hwfinishing.nl\\\/wp-content\\\/uploads\\\/2020\\\/02\\\/sliderHW-schuur01.png\",\"width\":1200,\"height\":300,\"caption\":\"Bewerkingen van houten vloeren en panelen\"},{\"@type\":\"BreadcrumbList\",\"@id\":\"https:\\\/\\\/www.hwfinishing.nl\\\/bewerkingen-van-houten-vloeren-en-panelen\\\/#breadcrumb\",\"itemListElement\":[{\"@type\":\"ListItem\",\"position\":1,\"name\":\"Home\",\"item\":\"https:\\\/\\\/www.hwfinishing.nl\\\/\"},{\"@type\":\"ListItem\",\"position\":2,\"name\":\"Bewerkingen\"}]},{\"@type\":\"WebSite\",\"@id\":\"https:\\\/\\\/www.hwfinishing.nl\\\/#website\",\"url\":\"https:\\\/\\\/www.hwfinishing.nl\\\/\",\"name\":\"{:nl}HW Finishing{:}{:fr}HW Finishing{:}\",\"description\":\"Sp\u00e9cialiste en finition du parquet\",\"publisher\":{\"@id\":\"https:\\\/\\\/www.hwfinishing.nl\\\/#organization\"},\"potentialAction\":[{\"@type\":\"SearchAction\",\"target\":{\"@type\":\"EntryPoint\",\"urlTemplate\":\"https:\\\/\\\/www.hwfinishing.nl\\\/?s={search_term_string}\"},\"query-input\":{\"@type\":\"PropertyValueSpecification\",\"valueRequired\":true,\"valueName\":\"search_term_string\"}}],\"inLanguage\":\"fr-FR\"},{\"@type\":\"Organization\",\"@id\":\"https:\\\/\\\/www.hwfinishing.nl\\\/#organization\",\"name\":\"H&W Finishing\",\"url\":\"https:\\\/\\\/www.hwfinishing.nl\\\/\",\"logo\":{\"@type\":\"ImageObject\",\"inLanguage\":\"fr-FR\",\"@id\":\"https:\\\/\\\/www.hwfinishing.nl\\\/#\\\/schema\\\/logo\\\/image\\\/\",\"url\":\"https:\\\/\\\/www.hwfinishing.nl\\\/wp-content\\\/uploads\\\/2020\\\/02\\\/logo_hw.png\",\"contentUrl\":\"https:\\\/\\\/www.hwfinishing.nl\\\/wp-content\\\/uploads\\\/2020\\\/02\\\/logo_hw.png\",\"width\":568,\"height\":130,\"caption\":\"H&W Finishing\"},\"image\":{\"@id\":\"https:\\\/\\\/www.hwfinishing.nl\\\/#\\\/schema\\\/logo\\\/image\\\/\"},\"sameAs\":[\"https:\\\/\\\/x.com\\\/nocurenopaysale\"]}]}<\/script>\n<!-- \/ Yoast SEO plugin. -->","yoast_head_json":{"title":"Op\u00e9rations de transformations HW Finishing Bewerkingen van houten vloeren en panelen","robots":{"index":"index","follow":"follow","max-snippet":"max-snippet:-1","max-image-preview":"max-image-preview:large","max-video-preview":"max-video-preview:-1"},"canonical":"https:\/\/www.hwfinishing.nl\/bewerkingen-van-houten-vloeren-en-panelen\/","og_locale":"fr_FR","og_type":"article","og_title":"Op\u00e9rations de transformations - HW Finishing","og_url":"https:\/\/www.hwfinishing.nl\/bewerkingen-van-houten-vloeren-en-panelen\/","og_site_name":"HW Finishing","article_modified_time":"2021-04-22T09:49:32+00:00","og_image":[{"width":1200,"height":300,"url":"https:\/\/www.hwfinishing.nl\/wp-content\/uploads\/2020\/02\/sliderHW-schuur01.png","type":"image\/png"}],"twitter_card":"summary_large_image","twitter_site":"@nocurenopaysale","twitter_misc":{"Est. reading time":"1 minute"},"schema":{"@context":"https:\/\/schema.org","@graph":[{"@type":"WebPage","@id":"https:\/\/www.hwfinishing.nl\/bewerkingen-van-houten-vloeren-en-panelen\/","url":"https:\/\/www.hwfinishing.nl\/bewerkingen-van-houten-vloeren-en-panelen\/","name":"Op\u00e9rations de transformations HW Finishing Bewerkingen van houten vloeren en panelen","isPartOf":{"@id":"https:\/\/www.hwfinishing.nl\/#website"},"primaryImageOfPage":{"@id":"https:\/\/www.hwfinishing.nl\/bewerkingen-van-houten-vloeren-en-panelen\/#primaryimage"},"image":{"@id":"https:\/\/www.hwfinishing.nl\/bewerkingen-van-houten-vloeren-en-panelen\/#primaryimage"},"thumbnailUrl":"https:\/\/www.hwfinishing.nl\/wp-content\/uploads\/2020\/02\/sliderHW-schuur01.png","datePublished":"2020-02-21T21:07:51+00:00","dateModified":"2021-04-22T09:49:32+00:00","description":"Bewerkingen van houten vloeren en panelen. Maak een afspraak om de mogelijkheden te bespreken. U bent welkom bij H&W Finishing Bergen op zoom","breadcrumb":{"@id":"https:\/\/www.hwfinishing.nl\/bewerkingen-van-houten-vloeren-en-panelen\/#breadcrumb"},"inLanguage":"fr-FR","potentialAction":[{"@type":"ReadAction","target":["https:\/\/www.hwfinishing.nl\/bewerkingen-van-houten-vloeren-en-panelen\/"]}]},{"@type":"ImageObject","inLanguage":"fr-FR","@id":"https:\/\/www.hwfinishing.nl\/bewerkingen-van-houten-vloeren-en-panelen\/#primaryimage","url":"https:\/\/www.hwfinishing.nl\/wp-content\/uploads\/2020\/02\/sliderHW-schuur01.png","contentUrl":"https:\/\/www.hwfinishing.nl\/wp-content\/uploads\/2020\/02\/sliderHW-schuur01.png","width":1200,"height":300,"caption":"Bewerkingen van houten vloeren en panelen"},{"@type":"BreadcrumbList","@id":"https:\/\/www.hwfinishing.nl\/bewerkingen-van-houten-vloeren-en-panelen\/#breadcrumb","itemListElement":[{"@type":"ListItem","position":1,"name":"Home","item":"https:\/\/www.hwfinishing.nl\/"},{"@type":"ListItem","position":2,"name":"Bewerkingen"}]},{"@type":"WebSite","@id":"https:\/\/www.hwfinishing.nl\/#website","url":"https:\/\/www.hwfinishing.nl\/","name":"{:nl}HW Finishing{:}{:fr}HW Finishing{:}","description":"Sp\u00e9cialiste en finition du parquet","publisher":{"@id":"https:\/\/www.hwfinishing.nl\/#organization"},"potentialAction":[{"@type":"SearchAction","target":{"@type":"EntryPoint","urlTemplate":"https:\/\/www.hwfinishing.nl\/?s={search_term_string}"},"query-input":{"@type":"PropertyValueSpecification","valueRequired":true,"valueName":"search_term_string"}}],"inLanguage":"fr-FR"},{"@type":"Organization","@id":"https:\/\/www.hwfinishing.nl\/#organization","name":"H&W Finishing","url":"https:\/\/www.hwfinishing.nl\/","logo":{"@type":"ImageObject","inLanguage":"fr-FR","@id":"https:\/\/www.hwfinishing.nl\/#\/schema\/logo\/image\/","url":"https:\/\/www.hwfinishing.nl\/wp-content\/uploads\/2020\/02\/logo_hw.png","contentUrl":"https:\/\/www.hwfinishing.nl\/wp-content\/uploads\/2020\/02\/logo_hw.png","width":568,"height":130,"caption":"H&W Finishing"},"image":{"@id":"https:\/\/www.hwfinishing.nl\/#\/schema\/logo\/image\/"},"sameAs":["https:\/\/x.com\/nocurenopaysale"]}]}},"uagb_featured_image_src":{"full":["https:\/\/www.hwfinishing.nl\/wp-content\/uploads\/2020\/02\/sliderHW-schuur01.png",1200,300,false],"thumbnail":["https:\/\/www.hwfinishing.nl\/wp-content\/uploads\/2020\/02\/sliderHW-schuur01-150x150.png",150,150,true],"medium":["https:\/\/www.hwfinishing.nl\/wp-content\/uploads\/2020\/02\/sliderHW-schuur01-300x75.png",300,75,true],"medium_large":["https:\/\/www.hwfinishing.nl\/wp-content\/uploads\/2020\/02\/sliderHW-schuur01-768x192.png",768,192,true],"large":["https:\/\/www.hwfinishing.nl\/wp-content\/uploads\/2020\/02\/sliderHW-schuur01-1024x256.png",821,205,true],"1536x1536":["https:\/\/www.hwfinishing.nl\/wp-content\/uploads\/2020\/02\/sliderHW-schuur01.png",1200,300,false],"2048x2048":["https:\/\/www.hwfinishing.nl\/wp-content\/uploads\/2020\/02\/sliderHW-schuur01.png",1200,300,false],"sow-carousel-default":["https:\/\/www.hwfinishing.nl\/wp-content\/uploads\/2020\/02\/sliderHW-schuur01-272x182.png",272,182,true]},"uagb_author_info":{"display_name":"admin","author_link":"https:\/\/www.hwfinishing.nl\/fr\/author\/admin\/"},"uagb_comment_info":0,"uagb_excerpt":"Chez H&amp;W Finishing, nous vous proposons nos services pour les gros comme pour les petits volumes. Notre processus de production (r\u00e9parti sur deux lignes) nous permet de vous procurer de gros volumes, gr\u00e2ce \u00e0 modernisme et son efficacit\u00e9.Les plus petits volumes peuvent vous \u00eatre livr\u00e9s rapidement du fait de la flexibilit\u00e9 de nos deux lignes&hellip;","_links":{"self":[{"href":"https:\/\/www.hwfinishing.nl\/fr\/wp-json\/wp\/v2\/pages\/311","targetHints":{"allow":["GET"]}}],"collection":[{"href":"https:\/\/www.hwfinishing.nl\/fr\/wp-json\/wp\/v2\/pages"}],"about":[{"href":"https:\/\/www.hwfinishing.nl\/fr\/wp-json\/wp\/v2\/types\/page"}],"author":[{"embeddable":true,"href":"https:\/\/www.hwfinishing.nl\/fr\/wp-json\/wp\/v2\/users\/1"}],"replies":[{"embeddable":true,"href":"https:\/\/www.hwfinishing.nl\/fr\/wp-json\/wp\/v2\/comments?post=311"}],"version-history":[{"count":5,"href":"https:\/\/www.hwfinishing.nl\/fr\/wp-json\/wp\/v2\/pages\/311\/revisions"}],"predecessor-version":[{"id":2061,"href":"https:\/\/www.hwfinishing.nl\/fr\/wp-json\/wp\/v2\/pages\/311\/revisions\/2061"}],"wp:featuredmedia":[{"embeddable":true,"href":"https:\/\/www.hwfinishing.nl\/fr\/wp-json\/wp\/v2\/media\/360"}],"wp:attachment":[{"href":"https:\/\/www.hwfinishing.nl\/fr\/wp-json\/wp\/v2\/media?parent=311"}],"curies":[{"name":"wp","href":"https:\/\/api.w.org\/{rel}","templated":true}]}}