{"id":305,"date":"2020-04-10T13:05:00","date_gmt":"2020-04-10T13:05:00","guid":{"rendered":"http:\/\/hana7.1234websites.nl\/?page_id=305"},"modified":"2020-04-20T14:25:44","modified_gmt":"2020-04-20T12:25:44","slug":"qualite","status":"publish","type":"page","link":"https:\/\/www.hwfinishing.nl\/fr\/qualite\/","title":{"rendered":"Qualit\u00e9"},"content":{"rendered":"\n<p>Chez nous, la qualit\u00e9 est primordiale.<\/p>\n\n\n\n<p>C&#8217;est pour la garantir que nous contr\u00f4lons aussi souvent nos produits. Ceci s&#8217;effectue de mani\u00e8re stricte et cons\u00e9quente. Nos contr\u00f4les de qualit\u00e9 sur les finitions portent sur :<\/p>\n\n\n\n<ul class=\"wp-block-list\"><li>degr\u00e9 de brillance<\/li><li>la r\u00e9sistance aux rayures<\/li><li>la r\u00e9sistance \u00e0 l&#8217;abrasion<\/li><li>l&#8217;assemblage des lames<\/li><li>l&#8217;imperm\u00e9abilit\u00e9 face aux liquides<\/li><\/ul>\n\n\n\n<hr class=\"wp-block-separator has-text-color has-background has-vivid-red-background-color has-vivid-red-color\"\/>\n\n\n\n<figure class=\"wp-block-image size-large\"><img loading=\"lazy\" decoding=\"async\" width=\"560\" height=\"303\" src=\"https:\/\/www.hwfinishing.nl\/wp-content\/uploads\/2020\/03\/Verschillende-lagen-4.png\" alt=\"couches par chouces\" class=\"wp-image-523\"\/><\/figure>\n\n\n\n<p>Les finitions sont r\u00e9alis\u00e9es couches par couches. Ceci permet l&#8217;obtention d&#8217;une protection de surface solide et r\u00e9sistance.<br><br>Les diff\u00e9rentes couches sont indentiques et appliqu\u00e9es correspondent pr\u00e9cis\u00e9ment les unes aux autres.<br><br>En fonction du r\u00e9sultat final, ce sont de 3 \u00e0 8 couches qui sont appliqu\u00e9es.<\/p>\n\n\n\n<hr class=\"wp-block-separator has-text-color has-background has-vivid-red-background-color has-vivid-red-color\"\/>\n\n\n\n<h2 class=\"wp-block-heading\">Degr\u00e9 de brillance<\/h2>\n\n\n\n<figure class=\"wp-block-image size-large\"><img loading=\"lazy\" decoding=\"async\" width=\"560\" height=\"408\" src=\"https:\/\/www.hwfinishing.nl\/wp-content\/uploads\/2020\/03\/Glans-test.png\" alt=\"Glans graad tester\" class=\"wp-image-440\"\/><\/figure>\n\n\n\n<p>Le degr\u00e9 de brillance d&#8217;une surface est une caract\u00e9rist\u00e9ristique importante de qualit\u00e9. Le niveau correspond \u00e0 la capacit\u00e9 de la surface \u00e0 refl\u00e9ter la lumi\u00e8re.<br><br>Ce niveau donc de brillance est test\u00e9 selon la norme DIN 67530 au  moyen d&#8217;un brillancem\u00e8tre.<br>De la lumi\u00e8re est projet\u00e9e sur la surface de l&#8217;echantillon, depuis un angle sp\u00e9cifique.<br><br>C&#8217;est pour cette raison qu&#8217;il convient de mesurer la r\u00e9flextion lumineuse. Plus la surface est mate, moins la lecture. Plus la surface est brillante, plus la lecture exprime d&#8217;intensit\u00e9.<br><br>Le niveau de brillance est exprim\u00e9 en pourcentage.<\/p>\n\n\n\n<hr class=\"wp-block-separator has-text-color has-background has-vivid-red-background-color has-vivid-red-color\"\/>\n\n\n\n<h2 class=\"wp-block-heading\">R\u00e9sistance aux rayures<\/h2>\n\n\n\n<figure class=\"wp-block-image size-large\"><img loading=\"lazy\" decoding=\"async\" width=\"560\" height=\"463\" src=\"https:\/\/www.hwfinishing.nl\/wp-content\/uploads\/2020\/03\/Munt-test.png\" alt=\"\" class=\"wp-image-454\"\/><\/figure>\n\n\n\n<p>La puissance d&#8217;adh\u00e9rence du r\u00eavement est l&#8217;une des plus importantes caract\u00e9ristiques. S&#8217;il est question de plusieurs couches de vernis ou d&#8217;huile, il est imp\u00e9ratif que celles-ci adh\u00e8rent correctement les unes aux autres. De la m\u00eame mani\u00e8re, l&#8217;ensemble du syst\u00e8me de vernis ou d&#8217;huile doit adh\u00e9rer correctement au support.<br><br>Un bon moyen de tester la puissance d&#8217;adh\u00e9rence est d&#8217;appliquer la technique dite d&#8217;Hamberger-plat. Cette machine permet de r\u00e9aliser un test au moyen d&#8217;une rondelle de m\u00e9tal selon des niveaux de mesure d\u00e9finis pr\u00e9amblement.<br><br>Cette pi\u00e8ce m\u00e9tallique de forme ronde est tir\u00e9e le long de la surface sous une pression d\u00e9fini\u00e9 d&#8217;avance. La puissance d&#8217;adh\u00e9rence est exprim\u00e9e en Newton et correspond \u00e0 pression \u00e0 laquelle aucune marque blanche n&#8217;apparaisse.<\/p>\n\n\n\n<hr class=\"wp-block-separator has-text-color has-background has-vivid-red-background-color has-vivid-red-color\"\/>\n\n\n\n<h2 class=\"wp-block-heading\">R\u00e9sistance \u00e0 l&#8217;abrasion<\/h2>\n\n\n\n<figure class=\"wp-block-image size-large\"><img loading=\"lazy\" decoding=\"async\" width=\"1160\" height=\"868\" src=\"https:\/\/www.hwfinishing.nl\/wp-content\/uploads\/2020\/03\/Slijtvastheid-test.png\" alt=\"\" class=\"wp-image-457\" srcset=\"https:\/\/www.hwfinishing.nl\/wp-content\/uploads\/2020\/03\/Slijtvastheid-test.png 1160w, https:\/\/www.hwfinishing.nl\/wp-content\/uploads\/2020\/03\/Slijtvastheid-test-768x575.png 768w\" sizes=\"auto, (max-width: 1160px) 100vw, 1160px\" \/><\/figure>\n\n\n\n<p>La r\u00e9sistance \u00e0 l&#8217;abrasion est le facteur de r\u00e9sistance qu&#8217;offre une couche de rev\u00eatement \u00e0 l&#8217;usure.<br><br>Ce niveau de r\u00e9sistance \u00e0 l&#8217;abrasion est test\u00e9 selon la norme DIN 68861 Partie 2 au moyen d&#8217;un dispositif d&#8217;abrasion Taber Abraser.<br><br>Pour r\u00e9aliser ce test, un \u00e9chantillon de 100 x 100 mm est coinc\u00e9 entre deux rouleaux rev\u00eatus de papier abrasif qui exercent, pendant leur rotation, une force de 500 grammes sur celui-ci. Le papier abrasif est remplac\u00e9 au bout de 500 rotations.<br><br>Le test finit lorsque le bois brut devient visible. On appelle cela le IP.<\/p>\n\n\n\n<hr class=\"wp-block-separator has-text-color has-background has-vivid-red-background-color has-vivid-red-color\"\/>\n\n\n\n<h2 class=\"wp-block-heading\">Test de quadrillage<\/h2>\n\n\n\n<figure class=\"wp-block-image size-large\"><img loading=\"lazy\" decoding=\"async\" width=\"560\" height=\"421\" src=\"https:\/\/www.hwfinishing.nl\/wp-content\/uploads\/2020\/03\/Kruis-kras-test.png\" alt=\"\" class=\"wp-image-461\"\/><\/figure>\n\n\n\n<p>Le test de quadrillage est r\u00e9alis\u00e9 selon la norme DIN et ISO 2409.<br><br>La surface \u00e0 tester est d\u00e9coup\u00e9e au moyen d&#8217;un outil tranchant \u00e0 la forme d&#8217;un treillis. L&#8217;\u00e9tape suivante consiste \u00e0 d\u00e9poussi\u00e9rer la surface \u00e0 l&#8217;aide d&#8217;une brosse douce. Un morceau de bande fortement adh\u00e9sive est ensuite coll\u00e9 sur la surface d\u00e9coup\u00e9e avant arrach\u00e9 violemment.<br><br>L&#8217;\u00e9tendue des dommages est constat\u00e9e et les valeurs GT, telles d\u00e9crites dans la norme DIN et la norme ISO sont relev\u00e9es.<\/p>\n\n\n\n<hr class=\"wp-block-separator has-text-color has-background has-vivid-red-background-color has-vivid-red-color\"\/>\n\n\n\n<h2 class=\"wp-block-heading\">Test de r\u00e9sistance aux produits chimiques<\/h2>\n\n\n\n<p>La r\u00e9sistance des surfaces finies aux produits chimiques est test\u00e9e selon la norme DIN 68861 partie 1B. Nous testons les produits chimique r\u00e9pertori\u00e9s ci-apr\u00e8s au cours de la p\u00e9riode indiqu\u00e9e dans le tableau. Ensuite, nous \u00e9valuons l&#8217;effet du produit chinique.<br><br>Le vernis ou l&#8217;huile r\u00e9pond aux exigences de la norme d\u00e8s lors que les dommagespr\u00e9sent\u00e9s par la surface restent dans certaines limites.<\/p>\n\n\n\n<figure class=\"wp-block-table\"><table><tbody><tr><td><strong>Test r\u00e9alis\u00e9 avec<\/strong><\/td><td><strong>Dur\u00e9<\/strong><\/td><td><strong>R\u00e9sultat<\/strong><\/td><\/tr><tr><td>Eau du robinet<\/td><td>16 heures <\/td><td>0<\/td><\/tr><tr><td>Lait concentr\u00e9 non sucr\u00e9<\/td><td>16 heures<\/td><td>0<\/td><\/tr><tr><td>Vins blanc, rouge et de dessert<\/td><td>16 heures<\/td><td>0<\/td><\/tr><tr><td>Moutarde<\/td><td>16 heures<\/td><td>0<\/td><\/tr><\/tbody><\/table><\/figure>\n","protected":false},"excerpt":{"rendered":"<p>Chez nous, la qualit\u00e9 est primordiale. C&#8217;est pour la garantir que nous contr\u00f4lons aussi souvent nos produits. Ceci s&#8217;effectue de mani\u00e8re stricte et cons\u00e9quente. Nos contr\u00f4les de qualit\u00e9 sur les finitions portent sur : degr\u00e9 de brillance la r\u00e9sistance aux rayures la r\u00e9sistance \u00e0 l&#8217;abrasion l&#8217;assemblage des lames l&#8217;imperm\u00e9abilit\u00e9 face aux liquides Les finitions sont&hellip;<\/p>\n","protected":false},"author":5,"featured_media":0,"parent":0,"menu_order":0,"comment_status":"closed","ping_status":"closed","template":"","meta":{"_coblocks_attr":"","_coblocks_dimensions":"","_coblocks_responsive_height":"","_coblocks_accordion_ie_support":"","_uag_custom_page_level_css":"","footnotes":""},"class_list":["post-305","page","type-page","status-publish","hentry"],"translation":{"provider":"WPGlobus","version":"3.0.2","language":"fr","enabled_languages":["nl","fr"],"languages":{"nl":{"title":true,"content":true,"excerpt":false},"fr":{"title":true,"content":true,"excerpt":false}}},"yoast_head":"<!-- This site is optimized with the Yoast SEO plugin v27.5 - https:\/\/yoast.com\/product\/yoast-seo-wordpress\/ -->\n<title>Qualit\u00e9 - HW Finishing<\/title>\n<meta name=\"robots\" content=\"index, follow, max-snippet:-1, max-image-preview:large, max-video-preview:-1\" \/>\n<link rel=\"canonical\" href=\"https:\/\/www.hwfinishing.nl\/qualite\/\" \/>\n<meta property=\"og:locale\" content=\"fr_FR\" \/>\n<meta property=\"og:type\" content=\"article\" \/>\n<meta property=\"og:title\" content=\"Qualit\u00e9 - HW Finishing\" \/>\n<meta property=\"og:url\" content=\"https:\/\/www.hwfinishing.nl\/qualite\/\" \/>\n<meta property=\"og:site_name\" content=\"HW Finishing\" \/>\n<meta property=\"article:modified_time\" content=\"2020-04-20T12:25:44+00:00\" \/>\n<meta property=\"og:image\" content=\"https:\/\/www.hwfinishing.nl\/wp-content\/uploads\/2020\/03\/Verschillende-lagen-4.png\" \/>\n<meta name=\"twitter:card\" content=\"summary_large_image\" \/>\n<meta name=\"twitter:site\" content=\"@nocurenopaysale\" \/>\n<meta name=\"twitter:label1\" content=\"Est. reading time\" \/>\n\t<meta name=\"twitter:data1\" content=\"6 minutes\" \/>\n<script type=\"application\/ld+json\" class=\"yoast-schema-graph\">{\"@context\":\"https:\\\/\\\/schema.org\",\"@graph\":[{\"@type\":\"WebPage\",\"@id\":\"https:\\\/\\\/www.hwfinishing.nl\\\/qualite\\\/\",\"url\":\"https:\\\/\\\/www.hwfinishing.nl\\\/qualite\\\/\",\"name\":\"Qualit\u00e9 - HW Finishing\",\"isPartOf\":{\"@id\":\"https:\\\/\\\/www.hwfinishing.nl\\\/#website\"},\"primaryImageOfPage\":{\"@id\":\"https:\\\/\\\/www.hwfinishing.nl\\\/qualite\\\/#primaryimage\"},\"image\":{\"@id\":\"https:\\\/\\\/www.hwfinishing.nl\\\/qualite\\\/#primaryimage\"},\"thumbnailUrl\":\"https:\\\/\\\/www.hwfinishing.nl\\\/wp-content\\\/uploads\\\/2020\\\/03\\\/Verschillende-lagen-4.png\",\"datePublished\":\"2020-04-10T13:05:00+00:00\",\"dateModified\":\"2020-04-20T12:25:44+00:00\",\"description\":\"Kwaliteit staat hoog in het vaandel. Regelmatig testen wij de bewerkte planken op verschillende punten. Op veschillende punten controleren we kwaliteit.\",\"breadcrumb\":{\"@id\":\"https:\\\/\\\/www.hwfinishing.nl\\\/qualite\\\/#breadcrumb\"},\"inLanguage\":\"fr-FR\",\"potentialAction\":[{\"@type\":\"ReadAction\",\"target\":[\"https:\\\/\\\/www.hwfinishing.nl\\\/qualite\\\/\"]}]},{\"@type\":\"ImageObject\",\"inLanguage\":\"fr-FR\",\"@id\":\"https:\\\/\\\/www.hwfinishing.nl\\\/qualite\\\/#primaryimage\",\"url\":\"https:\\\/\\\/www.hwfinishing.nl\\\/wp-content\\\/uploads\\\/2020\\\/03\\\/Verschillende-lagen-4.png\",\"contentUrl\":\"https:\\\/\\\/www.hwfinishing.nl\\\/wp-content\\\/uploads\\\/2020\\\/03\\\/Verschillende-lagen-4.png\"},{\"@type\":\"BreadcrumbList\",\"@id\":\"https:\\\/\\\/www.hwfinishing.nl\\\/qualite\\\/#breadcrumb\",\"itemListElement\":[{\"@type\":\"ListItem\",\"position\":1,\"name\":\"Home\",\"item\":\"https:\\\/\\\/www.hwfinishing.nl\\\/\"},{\"@type\":\"ListItem\",\"position\":2,\"name\":\"Kwaliteit\"}]},{\"@type\":\"WebSite\",\"@id\":\"https:\\\/\\\/www.hwfinishing.nl\\\/#website\",\"url\":\"https:\\\/\\\/www.hwfinishing.nl\\\/\",\"name\":\"{:nl}HW Finishing{:}{:fr}HW Finishing{:}\",\"description\":\"Sp\u00e9cialiste en finition du parquet\",\"publisher\":{\"@id\":\"https:\\\/\\\/www.hwfinishing.nl\\\/#organization\"},\"potentialAction\":[{\"@type\":\"SearchAction\",\"target\":{\"@type\":\"EntryPoint\",\"urlTemplate\":\"https:\\\/\\\/www.hwfinishing.nl\\\/?s={search_term_string}\"},\"query-input\":{\"@type\":\"PropertyValueSpecification\",\"valueRequired\":true,\"valueName\":\"search_term_string\"}}],\"inLanguage\":\"fr-FR\"},{\"@type\":\"Organization\",\"@id\":\"https:\\\/\\\/www.hwfinishing.nl\\\/#organization\",\"name\":\"H&W Finishing\",\"url\":\"https:\\\/\\\/www.hwfinishing.nl\\\/\",\"logo\":{\"@type\":\"ImageObject\",\"inLanguage\":\"fr-FR\",\"@id\":\"https:\\\/\\\/www.hwfinishing.nl\\\/#\\\/schema\\\/logo\\\/image\\\/\",\"url\":\"https:\\\/\\\/www.hwfinishing.nl\\\/wp-content\\\/uploads\\\/2020\\\/02\\\/logo_hw.png\",\"contentUrl\":\"https:\\\/\\\/www.hwfinishing.nl\\\/wp-content\\\/uploads\\\/2020\\\/02\\\/logo_hw.png\",\"width\":568,\"height\":130,\"caption\":\"H&W Finishing\"},\"image\":{\"@id\":\"https:\\\/\\\/www.hwfinishing.nl\\\/#\\\/schema\\\/logo\\\/image\\\/\"},\"sameAs\":[\"https:\\\/\\\/x.com\\\/nocurenopaysale\"]}]}<\/script>\n<!-- \/ Yoast SEO plugin. -->","yoast_head_json":{"title":"Qualit\u00e9 - HW Finishing","robots":{"index":"index","follow":"follow","max-snippet":"max-snippet:-1","max-image-preview":"max-image-preview:large","max-video-preview":"max-video-preview:-1"},"canonical":"https:\/\/www.hwfinishing.nl\/qualite\/","og_locale":"fr_FR","og_type":"article","og_title":"Qualit\u00e9 - HW Finishing","og_url":"https:\/\/www.hwfinishing.nl\/qualite\/","og_site_name":"HW Finishing","article_modified_time":"2020-04-20T12:25:44+00:00","og_image":[{"url":"https:\/\/www.hwfinishing.nl\/wp-content\/uploads\/2020\/03\/Verschillende-lagen-4.png","type":"","width":"","height":""}],"twitter_card":"summary_large_image","twitter_site":"@nocurenopaysale","twitter_misc":{"Est. reading time":"6 minutes"},"schema":{"@context":"https:\/\/schema.org","@graph":[{"@type":"WebPage","@id":"https:\/\/www.hwfinishing.nl\/qualite\/","url":"https:\/\/www.hwfinishing.nl\/qualite\/","name":"Qualit\u00e9 - HW Finishing","isPartOf":{"@id":"https:\/\/www.hwfinishing.nl\/#website"},"primaryImageOfPage":{"@id":"https:\/\/www.hwfinishing.nl\/qualite\/#primaryimage"},"image":{"@id":"https:\/\/www.hwfinishing.nl\/qualite\/#primaryimage"},"thumbnailUrl":"https:\/\/www.hwfinishing.nl\/wp-content\/uploads\/2020\/03\/Verschillende-lagen-4.png","datePublished":"2020-04-10T13:05:00+00:00","dateModified":"2020-04-20T12:25:44+00:00","description":"Kwaliteit staat hoog in het vaandel. Regelmatig testen wij de bewerkte planken op verschillende punten. Op veschillende punten controleren we kwaliteit.","breadcrumb":{"@id":"https:\/\/www.hwfinishing.nl\/qualite\/#breadcrumb"},"inLanguage":"fr-FR","potentialAction":[{"@type":"ReadAction","target":["https:\/\/www.hwfinishing.nl\/qualite\/"]}]},{"@type":"ImageObject","inLanguage":"fr-FR","@id":"https:\/\/www.hwfinishing.nl\/qualite\/#primaryimage","url":"https:\/\/www.hwfinishing.nl\/wp-content\/uploads\/2020\/03\/Verschillende-lagen-4.png","contentUrl":"https:\/\/www.hwfinishing.nl\/wp-content\/uploads\/2020\/03\/Verschillende-lagen-4.png"},{"@type":"BreadcrumbList","@id":"https:\/\/www.hwfinishing.nl\/qualite\/#breadcrumb","itemListElement":[{"@type":"ListItem","position":1,"name":"Home","item":"https:\/\/www.hwfinishing.nl\/"},{"@type":"ListItem","position":2,"name":"Kwaliteit"}]},{"@type":"WebSite","@id":"https:\/\/www.hwfinishing.nl\/#website","url":"https:\/\/www.hwfinishing.nl\/","name":"{:nl}HW Finishing{:}{:fr}HW Finishing{:}","description":"Sp\u00e9cialiste en finition du parquet","publisher":{"@id":"https:\/\/www.hwfinishing.nl\/#organization"},"potentialAction":[{"@type":"SearchAction","target":{"@type":"EntryPoint","urlTemplate":"https:\/\/www.hwfinishing.nl\/?s={search_term_string}"},"query-input":{"@type":"PropertyValueSpecification","valueRequired":true,"valueName":"search_term_string"}}],"inLanguage":"fr-FR"},{"@type":"Organization","@id":"https:\/\/www.hwfinishing.nl\/#organization","name":"H&W Finishing","url":"https:\/\/www.hwfinishing.nl\/","logo":{"@type":"ImageObject","inLanguage":"fr-FR","@id":"https:\/\/www.hwfinishing.nl\/#\/schema\/logo\/image\/","url":"https:\/\/www.hwfinishing.nl\/wp-content\/uploads\/2020\/02\/logo_hw.png","contentUrl":"https:\/\/www.hwfinishing.nl\/wp-content\/uploads\/2020\/02\/logo_hw.png","width":568,"height":130,"caption":"H&W Finishing"},"image":{"@id":"https:\/\/www.hwfinishing.nl\/#\/schema\/logo\/image\/"},"sameAs":["https:\/\/x.com\/nocurenopaysale"]}]}},"uagb_featured_image_src":{"full":false,"thumbnail":false,"medium":false,"medium_large":false,"large":false,"1536x1536":false,"2048x2048":false,"sow-carousel-default":false},"uagb_author_info":{"display_name":"Ludo van Loon","author_link":"https:\/\/www.hwfinishing.nl\/fr\/author\/ludo\/"},"uagb_comment_info":0,"uagb_excerpt":"Chez nous, la qualit\u00e9 est primordiale. C&#8217;est pour la garantir que nous contr\u00f4lons aussi souvent nos produits. Ceci s&#8217;effectue de mani\u00e8re stricte et cons\u00e9quente. Nos contr\u00f4les de qualit\u00e9 sur les finitions portent sur : degr\u00e9 de brillance la r\u00e9sistance aux rayures la r\u00e9sistance \u00e0 l&#8217;abrasion l&#8217;assemblage des lames l&#8217;imperm\u00e9abilit\u00e9 face aux liquides Les finitions sont&hellip;","_links":{"self":[{"href":"https:\/\/www.hwfinishing.nl\/fr\/wp-json\/wp\/v2\/pages\/305","targetHints":{"allow":["GET"]}}],"collection":[{"href":"https:\/\/www.hwfinishing.nl\/fr\/wp-json\/wp\/v2\/pages"}],"about":[{"href":"https:\/\/www.hwfinishing.nl\/fr\/wp-json\/wp\/v2\/types\/page"}],"author":[{"embeddable":true,"href":"https:\/\/www.hwfinishing.nl\/fr\/wp-json\/wp\/v2\/users\/5"}],"replies":[{"embeddable":true,"href":"https:\/\/www.hwfinishing.nl\/fr\/wp-json\/wp\/v2\/comments?post=305"}],"version-history":[{"count":5,"href":"https:\/\/www.hwfinishing.nl\/fr\/wp-json\/wp\/v2\/pages\/305\/revisions"}],"predecessor-version":[{"id":1854,"href":"https:\/\/www.hwfinishing.nl\/fr\/wp-json\/wp\/v2\/pages\/305\/revisions\/1854"}],"wp:attachment":[{"href":"https:\/\/www.hwfinishing.nl\/fr\/wp-json\/wp\/v2\/media?parent=305"}],"curies":[{"name":"wp","href":"https:\/\/api.w.org\/{rel}","templated":true}]}}