{"id":294,"date":"2020-02-21T20:55:29","date_gmt":"2020-02-21T20:55:29","guid":{"rendered":"http:\/\/hana7.1234websites.nl\/?page_id=294"},"modified":"2025-11-04T17:34:27","modified_gmt":"2025-11-04T15:34:27","slug":"contact","status":"publish","type":"page","link":"https:\/\/www.hwfinishing.nl\/fr\/contact\/","title":{"rendered":"Contact"},"content":{"rendered":"\n<iframe loading=\"lazy\" src=\"https:\/\/www.google.com\/maps\/embed?pb=!1m14!1m8!1m3!1d1756.2388648007716!2d4.298000922404793!3d51.500430856340934!3m2!1i1024!2i768!4f13.1!3m3!1m2!1s0x0%3A0x4ad3b0c731a53494!2sH.W.%20Finishing%20B.V.!5e0!3m2!1snl!2snl!4v1588331648688!5m2!1snl!2snl\" width=\"900\" height=\"400\" frameborder=\"0\" style=\"border:0;\" allowfullscreen=\"\" aria-hidden=\"false\" tabindex=\"0\"><\/iframe>\n\n\n\n<p>Nos horaires d&#8217;ouverture : lundi 9:00 &#8211; 17:00 et mardi au vendredi 8:00 -17:00.<br><br>N&#8217;h\u00e9sitez pas \u00e0 nous contacter pour toutes vos demandes de renseignements ou pour nous rencontrer \u00e0 notre adresse : Buitenvest 52 \u00e0 Bergen op Zoom (Pays-Bas).<\/p>\n\n\n<style>.kb-row-layout-id294_72b1fc-17 > .kt-row-column-wrap{align-content:start;}:where(.kb-row-layout-id294_72b1fc-17 > .kt-row-column-wrap) > .wp-block-kadence-column{justify-content:start;}.kb-row-layout-id294_72b1fc-17 > .kt-row-column-wrap{column-gap:var(--global-kb-gap-md, 2rem);row-gap:var(--global-kb-gap-md, 2rem);padding-top:var(--global-kb-spacing-sm, 1.5rem);padding-bottom:var(--global-kb-spacing-sm, 1.5rem);}.kb-row-layout-id294_72b1fc-17 > .kt-row-column-wrap > div:not(.added-for-specificity){grid-column:initial;}.kb-row-layout-id294_72b1fc-17 > .kt-row-column-wrap{grid-template-columns:repeat(5, minmax(0, 1fr));}.kb-row-layout-id294_72b1fc-17 > .kt-row-layout-overlay{opacity:0.30;}@media all and (max-width: 1024px){.kb-row-layout-id294_72b1fc-17 > .kt-row-column-wrap > div:not(.added-for-specificity){grid-column:initial;}}@media all and (max-width: 1024px){.kb-row-layout-id294_72b1fc-17 > .kt-row-column-wrap{grid-template-columns:repeat(5, minmax(0, 1fr));}}@media all and (max-width: 767px){.kb-row-layout-id294_72b1fc-17 > .kt-row-column-wrap > div:not(.added-for-specificity){grid-column:initial;}.kb-row-layout-id294_72b1fc-17 > .kt-row-column-wrap{grid-template-columns:minmax(0, 1fr);}}<\/style><div class=\"kb-row-layout-wrap kb-row-layout-id294_72b1fc-17 alignnone wp-block-kadence-rowlayout\"><div class=\"kt-row-column-wrap kt-has-5-columns kt-row-layout-equal kt-tab-layout-inherit kt-mobile-layout-row kt-row-valign-top\">\n<style>.kadence-column294_ec7ca0-7b > .kt-inside-inner-col,.kadence-column294_ec7ca0-7b > .kt-inside-inner-col:before{border-top-left-radius:0px;border-top-right-radius:0px;border-bottom-right-radius:0px;border-bottom-left-radius:0px;}.kadence-column294_ec7ca0-7b > .kt-inside-inner-col{column-gap:var(--global-kb-gap-sm, 1rem);}.kadence-column294_ec7ca0-7b > .kt-inside-inner-col{flex-direction:column;}.kadence-column294_ec7ca0-7b > .kt-inside-inner-col > .aligncenter{width:100%;}.kadence-column294_ec7ca0-7b > .kt-inside-inner-col:before{opacity:0.3;}.kadence-column294_ec7ca0-7b{position:relative;}@media all and (max-width: 1024px){.kadence-column294_ec7ca0-7b > .kt-inside-inner-col{flex-direction:column;justify-content:center;}}@media all and (max-width: 767px){.kadence-column294_ec7ca0-7b > .kt-inside-inner-col{flex-direction:column;justify-content:center;}}<\/style>\n<div class=\"wp-block-kadence-column kadence-column294_ec7ca0-7b inner-column-1\"><div class=\"kt-inside-inner-col\">\n<figure class=\"wp-block-image size-full\"><img loading=\"lazy\" decoding=\"async\" width=\"420\" height=\"420\" src=\"https:\/\/www.hwfinishing.nl\/wp-content\/uploads\/2022\/01\/Arthur-web.jpg\" alt=\"\" class=\"wp-image-2107\" srcset=\"https:\/\/www.hwfinishing.nl\/wp-content\/uploads\/2022\/01\/Arthur-web.jpg 420w, https:\/\/www.hwfinishing.nl\/wp-content\/uploads\/2022\/01\/Arthur-web-150x150.jpg 150w\" sizes=\"auto, (max-width: 420px) 100vw, 420px\" \/><figcaption class=\"wp-element-caption\">Arthur<\/figcaption><\/figure>\n\n\n\n<p>Arthur est le directeur de H&amp;W Finishing, mais c&#8217;est moins important que ses autres fonctions. Arthur est acheteur, administarteur de relation et conseiller client\u00e8le. Il fait ce qu&#8217;il doit faire pour que H&amp;W Finishing reste en bonne sant\u00e9 et ses clients heureux.<\/p>\n<\/div><\/div>\n\n\n<style>.kadence-column294_78ccb9-cf > .kt-inside-inner-col,.kadence-column294_78ccb9-cf > .kt-inside-inner-col:before{border-top-left-radius:0px;border-top-right-radius:0px;border-bottom-right-radius:0px;border-bottom-left-radius:0px;}.kadence-column294_78ccb9-cf > .kt-inside-inner-col{column-gap:var(--global-kb-gap-sm, 1rem);}.kadence-column294_78ccb9-cf > .kt-inside-inner-col{flex-direction:column;}.kadence-column294_78ccb9-cf > .kt-inside-inner-col > .aligncenter{width:100%;}.kadence-column294_78ccb9-cf > .kt-inside-inner-col:before{opacity:0.3;}.kadence-column294_78ccb9-cf{position:relative;}@media all and (max-width: 1024px){.kadence-column294_78ccb9-cf > .kt-inside-inner-col{flex-direction:column;justify-content:center;}}@media all and (max-width: 767px){.kadence-column294_78ccb9-cf > .kt-inside-inner-col{flex-direction:column;justify-content:center;}}<\/style>\n<div class=\"wp-block-kadence-column kadence-column294_78ccb9-cf inner-column-2\"><div class=\"kt-inside-inner-col\">\n<figure class=\"wp-block-image size-full\"><img loading=\"lazy\" decoding=\"async\" width=\"420\" height=\"420\" src=\"https:\/\/www.hwfinishing.nl\/wp-content\/uploads\/2022\/01\/Joao-web.jpg\" alt=\"\" class=\"wp-image-2103\" srcset=\"https:\/\/www.hwfinishing.nl\/wp-content\/uploads\/2022\/01\/Joao-web.jpg 420w, https:\/\/www.hwfinishing.nl\/wp-content\/uploads\/2022\/01\/Joao-web-150x150.jpg 150w\" sizes=\"auto, (max-width: 420px) 100vw, 420px\" \/><figcaption class=\"wp-element-caption\">Joao<\/figcaption><\/figure>\n\n\n\n<p>Joao est en charge de la ligne de production et de painture de H&amp;W Finishing. C&#8217;est un travailler acharn\u00e9 qui travaille si rapidement et avec tant de pr\u00e9cision qu&#8217;il \u00e9tonne encore ses coll\u00e8gues chaque jour. H&amp;W Finishing veut respecter les accords et s&#8217;en remet \u00e0 Joao pour cela.<\/p>\n<\/div><\/div>\n\n\n<style>.kadence-column294_9c8155-1f > .kt-inside-inner-col,.kadence-column294_9c8155-1f > .kt-inside-inner-col:before{border-top-left-radius:0px;border-top-right-radius:0px;border-bottom-right-radius:0px;border-bottom-left-radius:0px;}.kadence-column294_9c8155-1f > .kt-inside-inner-col{column-gap:var(--global-kb-gap-sm, 1rem);}.kadence-column294_9c8155-1f > .kt-inside-inner-col{flex-direction:column;}.kadence-column294_9c8155-1f > .kt-inside-inner-col > .aligncenter{width:100%;}.kadence-column294_9c8155-1f > .kt-inside-inner-col:before{opacity:0.3;}.kadence-column294_9c8155-1f{position:relative;}@media all and (max-width: 1024px){.kadence-column294_9c8155-1f > .kt-inside-inner-col{flex-direction:column;justify-content:center;}}@media all and (max-width: 767px){.kadence-column294_9c8155-1f > .kt-inside-inner-col{flex-direction:column;justify-content:center;}}<\/style>\n<div class=\"wp-block-kadence-column kadence-column294_9c8155-1f inner-column-3\"><div class=\"kt-inside-inner-col\">\n<p><\/p>\n<\/div><\/div>\n\n\n<style>.kadence-column294_09a3ab-90 > .kt-inside-inner-col,.kadence-column294_09a3ab-90 > .kt-inside-inner-col:before{border-top-left-radius:0px;border-top-right-radius:0px;border-bottom-right-radius:0px;border-bottom-left-radius:0px;}.kadence-column294_09a3ab-90 > .kt-inside-inner-col{column-gap:var(--global-kb-gap-sm, 1rem);}.kadence-column294_09a3ab-90 > .kt-inside-inner-col{flex-direction:column;}.kadence-column294_09a3ab-90 > .kt-inside-inner-col > .aligncenter{width:100%;}.kadence-column294_09a3ab-90 > .kt-inside-inner-col:before{opacity:0.3;}.kadence-column294_09a3ab-90{position:relative;}@media all and (max-width: 1024px){.kadence-column294_09a3ab-90 > .kt-inside-inner-col{flex-direction:column;justify-content:center;}}@media all and (max-width: 767px){.kadence-column294_09a3ab-90 > .kt-inside-inner-col{flex-direction:column;justify-content:center;}}<\/style>\n<div class=\"wp-block-kadence-column kadence-column294_09a3ab-90 inner-column-5\"><div class=\"kt-inside-inner-col\">\n<p><\/p>\n<\/div><\/div>\n\n\n<style>.kadence-column294_cf401f-1c > .kt-inside-inner-col,.kadence-column294_cf401f-1c > .kt-inside-inner-col:before{border-top-left-radius:0px;border-top-right-radius:0px;border-bottom-right-radius:0px;border-bottom-left-radius:0px;}.kadence-column294_cf401f-1c > .kt-inside-inner-col{column-gap:var(--global-kb-gap-sm, 1rem);}.kadence-column294_cf401f-1c > .kt-inside-inner-col{flex-direction:column;}.kadence-column294_cf401f-1c > .kt-inside-inner-col > .aligncenter{width:100%;}.kadence-column294_cf401f-1c > .kt-inside-inner-col:before{opacity:0.3;}.kadence-column294_cf401f-1c{position:relative;}@media all and (max-width: 1024px){.kadence-column294_cf401f-1c > .kt-inside-inner-col{flex-direction:column;justify-content:center;}}@media all and (max-width: 767px){.kadence-column294_cf401f-1c > .kt-inside-inner-col{flex-direction:column;justify-content:center;}}<\/style>\n<div class=\"wp-block-kadence-column kadence-column294_cf401f-1c\"><div class=\"kt-inside-inner-col\"><\/div><\/div>\n\n<\/div><\/div>\n\n<noscript class=\"ninja-forms-noscript-message\">\n\tRemarque \u2013 JavaScript est requis pour ce contenu.<\/noscript>\n<div id=\"nf-form-6-cont\" class=\"nf-form-cont\" aria-live=\"polite\" aria-labelledby=\"nf-form-title-6\" aria-describedby=\"nf-form-errors-6\" role=\"form\">\n\n    <div class=\"nf-loading-spinner\"><\/div>\n\n<\/div>\n        <!-- That data is being printed as a workaround to page builders reordering the order of the scripts loaded-->\n        <script>var formDisplay=1;var nfForms=nfForms||[];var form=[];form.id='6';form.settings={\"objectType\":\"Form Setting\",\"editActive\":true,\"title\":\"Contact - FR\",\"show_title\":1,\"allow_public_link\":0,\"embed_form\":\"\",\"clear_complete\":1,\"hide_complete\":1,\"default_label_pos\":\"above\",\"wrapper_class\":\"\",\"element_class\":\"\",\"key\":\"\",\"add_submit\":1,\"changeEmailErrorMsg\":\"Entrez une adresse email valide\\u00a0!\",\"changeDateErrorMsg\":\"Please enter a valid date!\",\"confirmFieldErrorMsg\":\"Ces champs doivent correspondre\\u00a0!\",\"fieldNumberNumMinError\":\"Erreur min num\\u00e9ro\",\"fieldNumberNumMaxError\":\"Erreur max num\\u00e9ro\",\"fieldNumberIncrementBy\":\"Incr\\u00e9menter par \",\"formErrorsCorrectErrors\":\"Corrigez les erreurs avant de soumettre ce formulaire.\",\"validateRequiredField\":\"Ce champs est requis.\",\"honeypotHoneypotError\":\"Erreur Honeypot\",\"fieldsMarkedRequired\":\"Les champs marqu\\u00e9s d&#039;une * sont obligatoires\",\"currency\":\"\",\"unique_field_error\":\"Een formulier met deze waarde bestaat al.\",\"logged_in\":false,\"not_logged_in_msg\":\"\",\"sub_limit_msg\":\"Het formulier heeft zijn inzendingen-limiet bereikt.\",\"calculations\":[],\"formContentData\":[\"nom_1588334423810\",\"email_1588334390474\",\"mon_message_1588334444165\",\"j_autorise_la_sauvegarde_de_mes_donnees_personnelles_aux_seules_fins_de_pouvoir_me_recontacter_1588334489505\",\"envoyer_1588334535232\"],\"drawerDisabled\":false,\"ninjaForms\":\"Ninja Forms\",\"fieldTextareaRTEInsertLink\":\"Ins\\u00e9rer le lien\",\"fieldTextareaRTEInsertMedia\":\"Ins\\u00e9rer le m\\u00e9dia\",\"fieldTextareaRTESelectAFile\":\"S\\u00e9lectionner un fichier\",\"tableInsertRowAbove\":\"Insert Row Above\",\"tableInsertRowBelow\":\"Insert Row Below\",\"tableInsertColumnLeft\":\"Insert Column Left\",\"tableInsertColumnRight\":\"Insert Column Right\",\"tableDeleteRow\":\"Delete Row\",\"tableDeleteColumn\":\"Delete Column\",\"tableDeleteTable\":\"Delete Table\",\"tableLegacyNotice\":\"This content has tables in the old editor format. Custom styles are preserved until converted. Editing will update to the new format.\",\"tableLegacyConvert\":\"Convert Now\",\"tableInsertTable\":\"Insert Table\",\"dismiss\":\"Rejeter\",\"insertLink\":\"Ins\\u00e9rer le lien\",\"formHoneypot\":\"Si vous \\u00eates un \\u00eatre humain visualisant ce champ, merci de le laisser vide.\",\"fileUploadOldCodeFileUploadInProgress\":\"Upload du fichier en cours\",\"fileUploadOldCodeFileUpload\":\"UPLOAD FICHIER\",\"currencySymbol\":\"&euro;\",\"thousands_sep\":\",\",\"decimal_point\":\".\",\"siteLocale\":\"fr_FR\",\"dateFormat\":\"d\\\/m\\\/Y\",\"startOfWeek\":\"1\",\"of\":\"de\",\"previousMonth\":\"Previous Month\",\"nextMonth\":\"Next Month\",\"months\":[\"January\",\"February\",\"March\",\"April\",\"May\",\"June\",\"July\",\"August\",\"September\",\"October\",\"November\",\"December\"],\"monthsShort\":[\"Jan\",\"Feb\",\"Mar\",\"Apr\",\"May\",\"Jun\",\"Jul\",\"Aug\",\"Sep\",\"Oct\",\"Nov\",\"Dec\"],\"weekdays\":[\"Sunday\",\"Monday\",\"Tuesday\",\"Wednesday\",\"Thursday\",\"Friday\",\"Saturday\"],\"weekdaysShort\":[\"Sun\",\"Mon\",\"Tue\",\"Wed\",\"Thu\",\"Fri\",\"Sat\"],\"weekdaysMin\":[\"Su\",\"Mo\",\"Tu\",\"We\",\"Th\",\"Fr\",\"Sa\"],\"recaptchaConsentMissing\":\"reCaptcha validation couldn&#039;t load.\",\"recaptchaMissingCookie\":\"reCaptcha v3 validation couldn&#039;t load the cookie needed to submit the form.\",\"recaptchaConsentEvent\":\"Accept reCaptcha cookies before sending the form.\",\"currency_symbol\":\"\",\"beforeForm\":\"\",\"beforeFields\":\"\",\"afterFields\":\"\",\"afterForm\":\"\"};form.fields=[{\"objectType\":\"Field\",\"objectDomain\":\"fields\",\"editActive\":false,\"order\":1,\"label\":\"Nom\",\"type\":\"lastname\",\"key\":\"nom_1588334423810\",\"label_pos\":\"above\",\"required\":1,\"default\":\"\",\"placeholder\":\"\",\"container_class\":\"\",\"element_class\":\"\",\"admin_label\":\"\",\"help_text\":\"\",\"custom_name_attribute\":\"lname\",\"personally_identifiable\":1,\"value\":\"\",\"drawerDisabled\":false,\"id\":25,\"beforeField\":\"\",\"afterField\":\"\",\"parentType\":\"lastname\",\"element_templates\":[\"lastname\",\"input\"],\"old_classname\":\"\",\"wrap_template\":\"wrap\"},{\"objectType\":\"Field\",\"objectDomain\":\"fields\",\"editActive\":false,\"order\":2,\"label\":\"E-mail\",\"type\":\"email\",\"key\":\"email_1588334390474\",\"label_pos\":\"above\",\"required\":1,\"default\":\"\",\"placeholder\":\"\",\"container_class\":\"\",\"element_class\":\"\",\"admin_label\":\"\",\"help_text\":\"\",\"custom_name_attribute\":\"email\",\"personally_identifiable\":1,\"value\":\"\",\"drawerDisabled\":false,\"id\":26,\"beforeField\":\"\",\"afterField\":\"\",\"parentType\":\"email\",\"element_templates\":[\"email\",\"input\"],\"old_classname\":\"\",\"wrap_template\":\"wrap\"},{\"objectType\":\"Field\",\"objectDomain\":\"fields\",\"editActive\":false,\"order\":3,\"label\":\"Mon message\",\"type\":\"textarea\",\"key\":\"mon_message_1588334444165\",\"label_pos\":\"above\",\"required\":false,\"default\":\"\",\"placeholder\":\"\",\"container_class\":\"\",\"element_class\":\"\",\"input_limit\":\"\",\"input_limit_type\":\"characters\",\"input_limit_msg\":\"Karakter(s) over\",\"manual_key\":false,\"admin_label\":\"\",\"help_text\":\"\",\"textarea_rte\":\"\",\"disable_rte_mobile\":\"\",\"textarea_media\":\"\",\"value\":\"\",\"drawerDisabled\":false,\"id\":27,\"beforeField\":\"\",\"afterField\":\"\",\"parentType\":\"textarea\",\"element_templates\":[\"textarea\",\"input\"],\"old_classname\":\"\",\"wrap_template\":\"wrap\"},{\"objectType\":\"Field\",\"objectDomain\":\"fields\",\"editActive\":false,\"order\":4,\"label\":\"J'autorise la sauvegarde de mes donn\\u00e9es personnelles aux seules fins de pouvoir me recontacter.\",\"type\":\"checkbox\",\"key\":\"j_autorise_la_sauvegarde_de_mes_donnees_personnelles_aux_seules_fins_de_pouvoir_me_recontacter_1588334489505\",\"label_pos\":\"right\",\"required\":1,\"container_class\":\"\",\"element_class\":\"\",\"manual_key\":false,\"admin_label\":\"\",\"help_text\":\"\",\"default_value\":\"unchecked\",\"checked_value\":\"Geselecteerd\",\"unchecked_value\":\"Gedeselecteerd\",\"checked_calc_value\":\"\",\"unchecked_calc_value\":\"\",\"drawerDisabled\":false,\"id\":28,\"beforeField\":\"\",\"afterField\":\"\",\"value\":\"\",\"parentType\":\"checkbox\",\"element_templates\":[\"checkbox\",\"input\"],\"old_classname\":\"\",\"wrap_template\":\"wrap\"},{\"objectType\":\"Field\",\"objectDomain\":\"fields\",\"editActive\":false,\"order\":9999,\"type\":\"submit\",\"label\":\"ENVOYER\",\"processing_label\":\"Bezig met verwerken\",\"container_class\":\"\",\"element_class\":\"\",\"key\":\"envoyer_1588334535232\",\"drawerDisabled\":false,\"id\":29,\"beforeField\":\"\",\"afterField\":\"\",\"value\":\"\",\"label_pos\":\"above\",\"parentType\":\"textbox\",\"element_templates\":[\"submit\",\"button\",\"input\"],\"old_classname\":\"\",\"wrap_template\":\"wrap-no-label\"}];nfForms.push(form);<\/script>\n        ","protected":false},"excerpt":{"rendered":"<p>Nos horaires d&#8217;ouverture : lundi 9:00 &#8211; 17:00 et mardi au vendredi 8:00 -17:00. N&#8217;h\u00e9sitez pas \u00e0 nous contacter pour toutes vos demandes de renseignements ou pour nous rencontrer \u00e0 notre adresse : Buitenvest 52 \u00e0 Bergen op Zoom (Pays-Bas). Arthur est le directeur de H&amp;W Finishing, mais c&#8217;est moins important que ses autres fonctions.&hellip;<\/p>\n","protected":false},"author":1,"featured_media":0,"parent":0,"menu_order":0,"comment_status":"closed","ping_status":"closed","template":"","meta":{"_coblocks_attr":"","_coblocks_dimensions":"","_coblocks_responsive_height":"","_coblocks_accordion_ie_support":"","_uag_custom_page_level_css":"","footnotes":""},"class_list":["post-294","page","type-page","status-publish","hentry"],"translation":{"provider":"WPGlobus","version":"3.0.2","language":"fr","enabled_languages":["nl","fr"],"languages":{"nl":{"title":true,"content":true,"excerpt":false},"fr":{"title":true,"content":true,"excerpt":false}}},"yoast_head":"<!-- This site is optimized with the Yoast SEO plugin v27.5 - https:\/\/yoast.com\/product\/yoast-seo-wordpress\/ -->\n<title>Contact - HW Finishing<\/title>\n<meta name=\"robots\" content=\"index, follow, max-snippet:-1, max-image-preview:large, max-video-preview:-1\" \/>\n<link rel=\"canonical\" href=\"https:\/\/www.hwfinishing.nl\/contact\/\" \/>\n<meta property=\"og:locale\" content=\"fr_FR\" \/>\n<meta property=\"og:type\" content=\"article\" \/>\n<meta property=\"og:title\" content=\"Contact - HW Finishing\" \/>\n<meta property=\"og:url\" content=\"https:\/\/www.hwfinishing.nl\/contact\/\" \/>\n<meta property=\"og:site_name\" content=\"HW Finishing\" \/>\n<meta property=\"article:modified_time\" content=\"2025-11-04T15:34:27+00:00\" \/>\n<meta property=\"og:image\" content=\"https:\/\/www.hwfinishing.nl\/wp-content\/uploads\/2022\/01\/Arthur-web.jpg\" \/>\n\t<meta property=\"og:image:width\" content=\"420\" \/>\n\t<meta property=\"og:image:height\" content=\"420\" \/>\n\t<meta property=\"og:image:type\" content=\"image\/jpeg\" \/>\n<meta name=\"twitter:card\" content=\"summary_large_image\" \/>\n<meta name=\"twitter:site\" content=\"@nocurenopaysale\" \/>\n<meta name=\"twitter:label1\" content=\"Est. reading time\" \/>\n\t<meta name=\"twitter:data1\" content=\"3 minutes\" \/>\n<script type=\"application\/ld+json\" class=\"yoast-schema-graph\">{\"@context\":\"https:\\\/\\\/schema.org\",\"@graph\":[{\"@type\":\"WebPage\",\"@id\":\"https:\\\/\\\/www.hwfinishing.nl\\\/contact\\\/\",\"url\":\"https:\\\/\\\/www.hwfinishing.nl\\\/contact\\\/\",\"name\":\"Contact - HW Finishing\",\"isPartOf\":{\"@id\":\"https:\\\/\\\/www.hwfinishing.nl\\\/#website\"},\"primaryImageOfPage\":{\"@id\":\"https:\\\/\\\/www.hwfinishing.nl\\\/contact\\\/#primaryimage\"},\"image\":{\"@id\":\"https:\\\/\\\/www.hwfinishing.nl\\\/contact\\\/#primaryimage\"},\"thumbnailUrl\":\"https:\\\/\\\/www.hwfinishing.nl\\\/wp-content\\\/uploads\\\/2022\\\/01\\\/Arthur-web.jpg\",\"datePublished\":\"2020-02-21T20:55:29+00:00\",\"dateModified\":\"2025-11-04T15:34:27+00:00\",\"description\":\"Contact Onze openingstijden zijn van 08:00 uur tot 17:00 uur (maandag t\\\/m vrijdag). Met uitzondering van vakantie periode en feestdagen\",\"breadcrumb\":{\"@id\":\"https:\\\/\\\/www.hwfinishing.nl\\\/contact\\\/#breadcrumb\"},\"inLanguage\":\"fr-FR\",\"potentialAction\":[{\"@type\":\"ReadAction\",\"target\":[\"https:\\\/\\\/www.hwfinishing.nl\\\/contact\\\/\"]}]},{\"@type\":\"ImageObject\",\"inLanguage\":\"fr-FR\",\"@id\":\"https:\\\/\\\/www.hwfinishing.nl\\\/contact\\\/#primaryimage\",\"url\":\"https:\\\/\\\/www.hwfinishing.nl\\\/wp-content\\\/uploads\\\/2022\\\/01\\\/Arthur-web.jpg\",\"contentUrl\":\"https:\\\/\\\/www.hwfinishing.nl\\\/wp-content\\\/uploads\\\/2022\\\/01\\\/Arthur-web.jpg\"},{\"@type\":\"BreadcrumbList\",\"@id\":\"https:\\\/\\\/www.hwfinishing.nl\\\/contact\\\/#breadcrumb\",\"itemListElement\":[{\"@type\":\"ListItem\",\"position\":1,\"name\":\"Home\",\"item\":\"https:\\\/\\\/www.hwfinishing.nl\\\/\"},{\"@type\":\"ListItem\",\"position\":2,\"name\":\"Contact\"}]},{\"@type\":\"WebSite\",\"@id\":\"https:\\\/\\\/www.hwfinishing.nl\\\/#website\",\"url\":\"https:\\\/\\\/www.hwfinishing.nl\\\/\",\"name\":\"{:nl}HW Finishing{:}{:fr}HW Finishing{:}\",\"description\":\"Sp\u00e9cialiste en finition du parquet\",\"publisher\":{\"@id\":\"https:\\\/\\\/www.hwfinishing.nl\\\/#organization\"},\"potentialAction\":[{\"@type\":\"SearchAction\",\"target\":{\"@type\":\"EntryPoint\",\"urlTemplate\":\"https:\\\/\\\/www.hwfinishing.nl\\\/?s={search_term_string}\"},\"query-input\":{\"@type\":\"PropertyValueSpecification\",\"valueRequired\":true,\"valueName\":\"search_term_string\"}}],\"inLanguage\":\"fr-FR\"},{\"@type\":\"Organization\",\"@id\":\"https:\\\/\\\/www.hwfinishing.nl\\\/#organization\",\"name\":\"H&W Finishing\",\"url\":\"https:\\\/\\\/www.hwfinishing.nl\\\/\",\"logo\":{\"@type\":\"ImageObject\",\"inLanguage\":\"fr-FR\",\"@id\":\"https:\\\/\\\/www.hwfinishing.nl\\\/#\\\/schema\\\/logo\\\/image\\\/\",\"url\":\"https:\\\/\\\/www.hwfinishing.nl\\\/wp-content\\\/uploads\\\/2020\\\/02\\\/logo_hw.png\",\"contentUrl\":\"https:\\\/\\\/www.hwfinishing.nl\\\/wp-content\\\/uploads\\\/2020\\\/02\\\/logo_hw.png\",\"width\":568,\"height\":130,\"caption\":\"H&W Finishing\"},\"image\":{\"@id\":\"https:\\\/\\\/www.hwfinishing.nl\\\/#\\\/schema\\\/logo\\\/image\\\/\"},\"sameAs\":[\"https:\\\/\\\/x.com\\\/nocurenopaysale\"]}]}<\/script>\n<!-- \/ Yoast SEO plugin. -->","yoast_head_json":{"title":"Contact - HW Finishing","robots":{"index":"index","follow":"follow","max-snippet":"max-snippet:-1","max-image-preview":"max-image-preview:large","max-video-preview":"max-video-preview:-1"},"canonical":"https:\/\/www.hwfinishing.nl\/contact\/","og_locale":"fr_FR","og_type":"article","og_title":"Contact - HW Finishing","og_url":"https:\/\/www.hwfinishing.nl\/contact\/","og_site_name":"HW Finishing","article_modified_time":"2025-11-04T15:34:27+00:00","og_image":[{"width":420,"height":420,"url":"https:\/\/www.hwfinishing.nl\/wp-content\/uploads\/2022\/01\/Arthur-web.jpg","type":"image\/jpeg"}],"twitter_card":"summary_large_image","twitter_site":"@nocurenopaysale","twitter_misc":{"Est. reading time":"3 minutes"},"schema":{"@context":"https:\/\/schema.org","@graph":[{"@type":"WebPage","@id":"https:\/\/www.hwfinishing.nl\/contact\/","url":"https:\/\/www.hwfinishing.nl\/contact\/","name":"Contact - HW Finishing","isPartOf":{"@id":"https:\/\/www.hwfinishing.nl\/#website"},"primaryImageOfPage":{"@id":"https:\/\/www.hwfinishing.nl\/contact\/#primaryimage"},"image":{"@id":"https:\/\/www.hwfinishing.nl\/contact\/#primaryimage"},"thumbnailUrl":"https:\/\/www.hwfinishing.nl\/wp-content\/uploads\/2022\/01\/Arthur-web.jpg","datePublished":"2020-02-21T20:55:29+00:00","dateModified":"2025-11-04T15:34:27+00:00","description":"Contact Onze openingstijden zijn van 08:00 uur tot 17:00 uur (maandag t\/m vrijdag). Met uitzondering van vakantie periode en feestdagen","breadcrumb":{"@id":"https:\/\/www.hwfinishing.nl\/contact\/#breadcrumb"},"inLanguage":"fr-FR","potentialAction":[{"@type":"ReadAction","target":["https:\/\/www.hwfinishing.nl\/contact\/"]}]},{"@type":"ImageObject","inLanguage":"fr-FR","@id":"https:\/\/www.hwfinishing.nl\/contact\/#primaryimage","url":"https:\/\/www.hwfinishing.nl\/wp-content\/uploads\/2022\/01\/Arthur-web.jpg","contentUrl":"https:\/\/www.hwfinishing.nl\/wp-content\/uploads\/2022\/01\/Arthur-web.jpg"},{"@type":"BreadcrumbList","@id":"https:\/\/www.hwfinishing.nl\/contact\/#breadcrumb","itemListElement":[{"@type":"ListItem","position":1,"name":"Home","item":"https:\/\/www.hwfinishing.nl\/"},{"@type":"ListItem","position":2,"name":"Contact"}]},{"@type":"WebSite","@id":"https:\/\/www.hwfinishing.nl\/#website","url":"https:\/\/www.hwfinishing.nl\/","name":"{:nl}HW Finishing{:}{:fr}HW Finishing{:}","description":"Sp\u00e9cialiste en finition du parquet","publisher":{"@id":"https:\/\/www.hwfinishing.nl\/#organization"},"potentialAction":[{"@type":"SearchAction","target":{"@type":"EntryPoint","urlTemplate":"https:\/\/www.hwfinishing.nl\/?s={search_term_string}"},"query-input":{"@type":"PropertyValueSpecification","valueRequired":true,"valueName":"search_term_string"}}],"inLanguage":"fr-FR"},{"@type":"Organization","@id":"https:\/\/www.hwfinishing.nl\/#organization","name":"H&W Finishing","url":"https:\/\/www.hwfinishing.nl\/","logo":{"@type":"ImageObject","inLanguage":"fr-FR","@id":"https:\/\/www.hwfinishing.nl\/#\/schema\/logo\/image\/","url":"https:\/\/www.hwfinishing.nl\/wp-content\/uploads\/2020\/02\/logo_hw.png","contentUrl":"https:\/\/www.hwfinishing.nl\/wp-content\/uploads\/2020\/02\/logo_hw.png","width":568,"height":130,"caption":"H&W Finishing"},"image":{"@id":"https:\/\/www.hwfinishing.nl\/#\/schema\/logo\/image\/"},"sameAs":["https:\/\/x.com\/nocurenopaysale"]}]}},"uagb_featured_image_src":{"full":false,"thumbnail":false,"medium":false,"medium_large":false,"large":false,"1536x1536":false,"2048x2048":false,"sow-carousel-default":false},"uagb_author_info":{"display_name":"admin","author_link":"https:\/\/www.hwfinishing.nl\/fr\/author\/admin\/"},"uagb_comment_info":0,"uagb_excerpt":"Nos horaires d&#8217;ouverture : lundi 9:00 &#8211; 17:00 et mardi au vendredi 8:00 -17:00. N&#8217;h\u00e9sitez pas \u00e0 nous contacter pour toutes vos demandes de renseignements ou pour nous rencontrer \u00e0 notre adresse : Buitenvest 52 \u00e0 Bergen op Zoom (Pays-Bas). Arthur est le directeur de H&amp;W Finishing, mais c&#8217;est moins important que ses autres fonctions.&hellip;","_links":{"self":[{"href":"https:\/\/www.hwfinishing.nl\/fr\/wp-json\/wp\/v2\/pages\/294","targetHints":{"allow":["GET"]}}],"collection":[{"href":"https:\/\/www.hwfinishing.nl\/fr\/wp-json\/wp\/v2\/pages"}],"about":[{"href":"https:\/\/www.hwfinishing.nl\/fr\/wp-json\/wp\/v2\/types\/page"}],"author":[{"embeddable":true,"href":"https:\/\/www.hwfinishing.nl\/fr\/wp-json\/wp\/v2\/users\/1"}],"replies":[{"embeddable":true,"href":"https:\/\/www.hwfinishing.nl\/fr\/wp-json\/wp\/v2\/comments?post=294"}],"version-history":[{"count":11,"href":"https:\/\/www.hwfinishing.nl\/fr\/wp-json\/wp\/v2\/pages\/294\/revisions"}],"predecessor-version":[{"id":2344,"href":"https:\/\/www.hwfinishing.nl\/fr\/wp-json\/wp\/v2\/pages\/294\/revisions\/2344"}],"wp:attachment":[{"href":"https:\/\/www.hwfinishing.nl\/fr\/wp-json\/wp\/v2\/media?parent=294"}],"curies":[{"name":"wp","href":"https:\/\/api.w.org\/{rel}","templated":true}]}}