{"id":2,"date":"2016-01-13T16:02:57","date_gmt":"2016-01-13T16:02:57","guid":{"rendered":"http:\/\/www.directjeautoverkopen.be\/?page_id=2"},"modified":"2023-07-18T15:53:21","modified_gmt":"2023-07-18T13:53:21","slug":"hw-finishing-voor-lakken-en-olien","status":"publish","type":"page","link":"https:\/\/www.hwfinishing.nl\/fr\/","title":{"rendered":"H&#038;W Finishing"},"content":{"rendered":"\n<div class=\"alignnormal\"><div id=\"metaslider-id-2188\" style=\"max-width: 800px; margin: 0 auto;\" class=\"ml-slider-3-108-0 metaslider metaslider-flex metaslider-2188 ml-slider ms-theme-default nav-hidden\" role=\"region\" aria-label=\"Home FRA\" data-height=\"300\" data-width=\"800\">\n    <div id=\"metaslider_container_2188\">\n        <div id=\"metaslider_2188\" class=\"flexslider\">\n            <ul class='slides'>\n                <li style=\"display: block; width: 100%;\" class=\"slide-2192 ms-image \" aria-roledescription=\"slide\" data-date=\"2023-07-18 15:49:35\" data-filename=\"HW-banner-800x300.jpg\" data-slide-type=\"image\"><img loading=\"lazy\" decoding=\"async\" src=\"https:\/\/www.hwfinishing.nl\/wp-content\/uploads\/2022\/01\/HW-banner-800x300.jpg\" height=\"300\" width=\"800\" alt=\"HW-productielijn-banner\" class=\"slider-2188 slide-2192 msDefaultImage\" title=\"HW-productielijn-banner\" \/><\/li>\n                <li style=\"display: none; width: 100%;\" class=\"slide-2382 ms-image \" aria-roledescription=\"slide\" data-date=\"2026-04-28 09:27:50\" data-filename=\"Hemelvaartsdag-slider-FRA-800x300.jpg\" data-slide-type=\"image\"><img loading=\"lazy\" decoding=\"async\" src=\"https:\/\/www.hwfinishing.nl\/wp-content\/uploads\/2026\/01\/Hemelvaartsdag-slider-FRA-800x300.jpg\" height=\"300\" width=\"800\" alt=\"Hemelvaartsdag-slider\" class=\"slider-2188 slide-2382 msDefaultImage\" title=\"Hemelvaartsdag-slider-FRA\" \/><\/li>\n            <\/ul>\n        <\/div>\n        \n    <\/div>\n<\/div><\/div>\n\n\n\n<p>Pour tous vos parquets laqu\u00e9s et huil\u00e9s&nbsp;: Vous \u00eates chez nous \u00e0 la bonne adresse ! <\/p>\n\n\n\n<p>H&amp;W Finishing est l&#8217;aboutissement d&#8217;une entreprise elle-m\u00eame issue d&#8217;ann\u00e9es d&#8217;exp\u00e9rience en mati\u00e8re de finissage des surfaces. Nos deux lignes de production soigneusement s\u00e9lectionn\u00e9es sont la garantie d&#8217;une qualit\u00e9 optimale et constante. Et ce, tandis que nous travaillons avec des vernis et des huiles de tr\u00e8s haute qualit\u00e9. <\/p>\n\n\n\n<p>Nos modules de laquage et d\u2019huilage sont \u00e9quip\u00e9s des techniques les plus avanc\u00e9es en mati\u00e8re de pon\u00e7age, de brossage, de fa\u00e7onnage et de s\u00e9chage (au moyen de lampes UV et de ventilations). <\/p>\n\n\n\n<p>Nous proposons diverses options de finitions. Vous avez par exemple le choix entre , vous pouvez choisir par diff\u00e9rentes teintes et effets de brillances. Nos syst\u00e8mes d&#8217;huilage et de laquage r\u00e9pondent aux exigences les plus r\u00e9centes en mati\u00e8re de respect des normes environnementales et sanitaires.<\/p>\n\n\n\n<p>Outre des produits pour les sols, nos lignes de production sont aussi \u00e0 m\u00eame de r\u00e9aliser des panneaux.<\/p>\n","protected":false},"excerpt":{"rendered":"<p>Pour tous vos parquets laqu\u00e9s et huil\u00e9s&nbsp;: Vous \u00eates chez nous \u00e0 la bonne adresse ! H&amp;W Finishing est l&#8217;aboutissement d&#8217;une entreprise elle-m\u00eame issue d&#8217;ann\u00e9es d&#8217;exp\u00e9rience en mati\u00e8re de finissage des surfaces. Nos deux lignes de production soigneusement s\u00e9lectionn\u00e9es sont la garantie d&#8217;une qualit\u00e9 optimale et constante. Et ce, tandis que nous travaillons avec des&hellip;<\/p>\n","protected":false},"author":1,"featured_media":0,"parent":0,"menu_order":0,"comment_status":"closed","ping_status":"open","template":"","meta":{"_coblocks_attr":"","_coblocks_dimensions":"","_coblocks_responsive_height":"","_coblocks_accordion_ie_support":"","_uag_custom_page_level_css":"","footnotes":""},"class_list":["post-2","page","type-page","status-publish","hentry"],"translation":{"provider":"WPGlobus","version":"3.0.2","language":"fr","enabled_languages":["nl","fr"],"languages":{"nl":{"title":true,"content":true,"excerpt":false},"fr":{"title":true,"content":true,"excerpt":false}}},"yoast_head":"<!-- This site is optimized with the Yoast SEO plugin v27.5 - https:\/\/yoast.com\/product\/yoast-seo-wordpress\/ -->\n<title>H&amp;W Finishing - HW Finishing<\/title>\n<meta name=\"robots\" content=\"index, follow, max-snippet:-1, max-image-preview:large, max-video-preview:-1\" \/>\n<link rel=\"canonical\" href=\"https:\/\/www.hwfinishing.nl\/\" \/>\n<meta property=\"og:locale\" content=\"fr_FR\" \/>\n<meta property=\"og:type\" content=\"article\" \/>\n<meta property=\"og:title\" content=\"H&amp;W Finishing - HW Finishing\" \/>\n<meta property=\"og:url\" content=\"https:\/\/www.hwfinishing.nl\/\" \/>\n<meta property=\"og:site_name\" content=\"HW Finishing\" \/>\n<meta property=\"article:modified_time\" content=\"2023-07-18T13:53:21+00:00\" \/>\n<meta name=\"twitter:card\" content=\"summary_large_image\" \/>\n<meta name=\"twitter:site\" content=\"@nocurenopaysale\" \/>\n<meta name=\"twitter:label1\" content=\"Est. reading time\" \/>\n\t<meta name=\"twitter:data1\" content=\"1 minute\" \/>\n<script type=\"application\/ld+json\" class=\"yoast-schema-graph\">{\"@context\":\"https:\\\/\\\/schema.org\",\"@graph\":[{\"@type\":\"WebPage\",\"@id\":\"https:\\\/\\\/www.hwfinishing.nl\\\/\",\"url\":\"https:\\\/\\\/www.hwfinishing.nl\\\/\",\"name\":\"H&W Finishing - HW Finishing\",\"isPartOf\":{\"@id\":\"https:\\\/\\\/www.hwfinishing.nl\\\/#website\"},\"datePublished\":\"2016-01-13T16:02:57+00:00\",\"dateModified\":\"2023-07-18T13:53:21+00:00\",\"breadcrumb\":{\"@id\":\"https:\\\/\\\/www.hwfinishing.nl\\\/#breadcrumb\"},\"inLanguage\":\"fr-FR\",\"potentialAction\":[{\"@type\":\"ReadAction\",\"target\":[\"https:\\\/\\\/www.hwfinishing.nl\\\/\"]}]},{\"@type\":\"BreadcrumbList\",\"@id\":\"https:\\\/\\\/www.hwfinishing.nl\\\/#breadcrumb\",\"itemListElement\":[{\"@type\":\"ListItem\",\"position\":1,\"name\":\"Home\",\"item\":\"https:\\\/\\\/www.hwfinishing.nl\\\/\"},{\"@type\":\"ListItem\",\"position\":2,\"name\":\"H&#038;W Finishing\"}]},{\"@type\":\"WebSite\",\"@id\":\"https:\\\/\\\/www.hwfinishing.nl\\\/#website\",\"url\":\"https:\\\/\\\/www.hwfinishing.nl\\\/\",\"name\":\"{:nl}HW Finishing{:}{:fr}HW Finishing{:}\",\"description\":\"Sp\u00e9cialiste en finition du parquet\",\"publisher\":{\"@id\":\"https:\\\/\\\/www.hwfinishing.nl\\\/#organization\"},\"potentialAction\":[{\"@type\":\"SearchAction\",\"target\":{\"@type\":\"EntryPoint\",\"urlTemplate\":\"https:\\\/\\\/www.hwfinishing.nl\\\/?s={search_term_string}\"},\"query-input\":{\"@type\":\"PropertyValueSpecification\",\"valueRequired\":true,\"valueName\":\"search_term_string\"}}],\"inLanguage\":\"fr-FR\"},{\"@type\":\"Organization\",\"@id\":\"https:\\\/\\\/www.hwfinishing.nl\\\/#organization\",\"name\":\"H&W Finishing\",\"url\":\"https:\\\/\\\/www.hwfinishing.nl\\\/\",\"logo\":{\"@type\":\"ImageObject\",\"inLanguage\":\"fr-FR\",\"@id\":\"https:\\\/\\\/www.hwfinishing.nl\\\/#\\\/schema\\\/logo\\\/image\\\/\",\"url\":\"https:\\\/\\\/www.hwfinishing.nl\\\/wp-content\\\/uploads\\\/2020\\\/02\\\/logo_hw.png\",\"contentUrl\":\"https:\\\/\\\/www.hwfinishing.nl\\\/wp-content\\\/uploads\\\/2020\\\/02\\\/logo_hw.png\",\"width\":568,\"height\":130,\"caption\":\"H&W Finishing\"},\"image\":{\"@id\":\"https:\\\/\\\/www.hwfinishing.nl\\\/#\\\/schema\\\/logo\\\/image\\\/\"},\"sameAs\":[\"https:\\\/\\\/x.com\\\/nocurenopaysale\"]}]}<\/script>\n<!-- \/ Yoast SEO plugin. -->","yoast_head_json":{"title":"H&W Finishing - HW Finishing","robots":{"index":"index","follow":"follow","max-snippet":"max-snippet:-1","max-image-preview":"max-image-preview:large","max-video-preview":"max-video-preview:-1"},"canonical":"https:\/\/www.hwfinishing.nl\/","og_locale":"fr_FR","og_type":"article","og_title":"H&W Finishing - HW Finishing","og_url":"https:\/\/www.hwfinishing.nl\/","og_site_name":"HW Finishing","article_modified_time":"2023-07-18T13:53:21+00:00","twitter_card":"summary_large_image","twitter_site":"@nocurenopaysale","twitter_misc":{"Est. reading time":"1 minute"},"schema":{"@context":"https:\/\/schema.org","@graph":[{"@type":"WebPage","@id":"https:\/\/www.hwfinishing.nl\/","url":"https:\/\/www.hwfinishing.nl\/","name":"H&W Finishing - HW Finishing","isPartOf":{"@id":"https:\/\/www.hwfinishing.nl\/#website"},"datePublished":"2016-01-13T16:02:57+00:00","dateModified":"2023-07-18T13:53:21+00:00","breadcrumb":{"@id":"https:\/\/www.hwfinishing.nl\/#breadcrumb"},"inLanguage":"fr-FR","potentialAction":[{"@type":"ReadAction","target":["https:\/\/www.hwfinishing.nl\/"]}]},{"@type":"BreadcrumbList","@id":"https:\/\/www.hwfinishing.nl\/#breadcrumb","itemListElement":[{"@type":"ListItem","position":1,"name":"Home","item":"https:\/\/www.hwfinishing.nl\/"},{"@type":"ListItem","position":2,"name":"H&#038;W Finishing"}]},{"@type":"WebSite","@id":"https:\/\/www.hwfinishing.nl\/#website","url":"https:\/\/www.hwfinishing.nl\/","name":"{:nl}HW Finishing{:}{:fr}HW Finishing{:}","description":"Sp\u00e9cialiste en finition du parquet","publisher":{"@id":"https:\/\/www.hwfinishing.nl\/#organization"},"potentialAction":[{"@type":"SearchAction","target":{"@type":"EntryPoint","urlTemplate":"https:\/\/www.hwfinishing.nl\/?s={search_term_string}"},"query-input":{"@type":"PropertyValueSpecification","valueRequired":true,"valueName":"search_term_string"}}],"inLanguage":"fr-FR"},{"@type":"Organization","@id":"https:\/\/www.hwfinishing.nl\/#organization","name":"H&W Finishing","url":"https:\/\/www.hwfinishing.nl\/","logo":{"@type":"ImageObject","inLanguage":"fr-FR","@id":"https:\/\/www.hwfinishing.nl\/#\/schema\/logo\/image\/","url":"https:\/\/www.hwfinishing.nl\/wp-content\/uploads\/2020\/02\/logo_hw.png","contentUrl":"https:\/\/www.hwfinishing.nl\/wp-content\/uploads\/2020\/02\/logo_hw.png","width":568,"height":130,"caption":"H&W Finishing"},"image":{"@id":"https:\/\/www.hwfinishing.nl\/#\/schema\/logo\/image\/"},"sameAs":["https:\/\/x.com\/nocurenopaysale"]}]}},"uagb_featured_image_src":{"full":false,"thumbnail":false,"medium":false,"medium_large":false,"large":false,"1536x1536":false,"2048x2048":false,"sow-carousel-default":false},"uagb_author_info":{"display_name":"admin","author_link":"https:\/\/www.hwfinishing.nl\/fr\/author\/admin\/"},"uagb_comment_info":0,"uagb_excerpt":"Pour tous vos parquets laqu\u00e9s et huil\u00e9s&nbsp;: Vous \u00eates chez nous \u00e0 la bonne adresse ! H&amp;W Finishing est l&#8217;aboutissement d&#8217;une entreprise elle-m\u00eame issue d&#8217;ann\u00e9es d&#8217;exp\u00e9rience en mati\u00e8re de finissage des surfaces. Nos deux lignes de production soigneusement s\u00e9lectionn\u00e9es sont la garantie d&#8217;une qualit\u00e9 optimale et constante. Et ce, tandis que nous travaillons avec des&hellip;","_links":{"self":[{"href":"https:\/\/www.hwfinishing.nl\/fr\/wp-json\/wp\/v2\/pages\/2","targetHints":{"allow":["GET"]}}],"collection":[{"href":"https:\/\/www.hwfinishing.nl\/fr\/wp-json\/wp\/v2\/pages"}],"about":[{"href":"https:\/\/www.hwfinishing.nl\/fr\/wp-json\/wp\/v2\/types\/page"}],"author":[{"embeddable":true,"href":"https:\/\/www.hwfinishing.nl\/fr\/wp-json\/wp\/v2\/users\/1"}],"replies":[{"embeddable":true,"href":"https:\/\/www.hwfinishing.nl\/fr\/wp-json\/wp\/v2\/comments?post=2"}],"version-history":[{"count":8,"href":"https:\/\/www.hwfinishing.nl\/fr\/wp-json\/wp\/v2\/pages\/2\/revisions"}],"predecessor-version":[{"id":2196,"href":"https:\/\/www.hwfinishing.nl\/fr\/wp-json\/wp\/v2\/pages\/2\/revisions\/2196"}],"wp:attachment":[{"href":"https:\/\/www.hwfinishing.nl\/fr\/wp-json\/wp\/v2\/media?parent=2"}],"curies":[{"name":"wp","href":"https:\/\/api.w.org\/{rel}","templated":true}]}}